{"id":45,"date":"2025-07-12T13:59:56","date_gmt":"2025-07-12T11:59:56","guid":{"rendered":"https:\/\/dev.merlo.studio\/edukacja3d-live\/?page_id=45"},"modified":"2025-07-31T22:08:37","modified_gmt":"2025-07-31T20:08:37","slug":"polityka-prywatnosci","status":"publish","type":"page","link":"https:\/\/dev.merlo.studio\/edukacja3d-live\/polityka-prywatnosci\/","title":{"rendered":"Polityka prywatno\u015bci"},"content":{"rendered":"\n<h4 class=\"wp-block-heading\"><strong>Polityka Prywatno\u015bci i Plik\u00f3w Cookies serwisu www.edukacja3d.pl<\/strong><\/h4>\n\n\n\n<div style=\"height:20px\" aria-hidden=\"true\" class=\"wp-block-spacer\"><\/div>\n\n\n\n<p><strong>1. Administrator danych osobowych<\/strong><\/p>\n\n\n\n<p>Administratorem Twoich danych osobowych jest Horyzont Maciej Roth z siedzib\u0105 w Warszawie, NIP: 5361788880 REGON: 361447247 <\/p>\n\n\n\n<p>e-mail: <a href=\"mailto:maciej.roth@a-z.edu.pl\">maciej.roth@a-z.edu.pl<\/a> (dalej: \u201eAdministrator\u201d).<\/p>\n\n\n\n<div style=\"height:20px\" aria-hidden=\"true\" class=\"wp-block-spacer\"><\/div>\n\n\n\n<p><strong>2. Zakres przetwarzanych danych<\/strong><\/p>\n\n\n\n<p>Przetwarzamy dane osobowe, kt\u00f3re podajesz nam dobrowolnie w formularzu kontaktowym (np. imi\u0119, nazwisko, adres e-mail, numer telefonu) oraz dane zbierane automatycznie podczas korzystania z naszej strony internetowej,<br>w tym pliki cookies oraz dane zbierane przez narz\u0119dzia analityczne, takie jak Google Analytics i Meta Pixel (Facebook Pixel).<\/p>\n\n\n\n<div style=\"height:20px\" aria-hidden=\"true\" class=\"wp-block-spacer\"><\/div>\n\n\n\n<p><strong>3. Cel i podstawy prawne przetwarzania<\/strong><\/p>\n\n\n\n<p>Dane osobowe przetwarzamy w nast\u0119puj\u0105cych celach:<br>&#8211; udzielenie odpowiedzi na przes\u0142ane zapytanie (art. 6 ust. 1 lit. f RODO),<br>&#8211; analiza ruchu i zachowa\u0144 u\u017cytkownik\u00f3w na stronie (Google Analytics, Facebook Pixel) \u2013 art. 6 ust. 1 lit. f RODO,<br>&#8211; marketing i remarketing za pomoc\u0105 narz\u0119dzi Meta (Facebook, Instagram) \u2013 art. 6 ust. 1 lit. f RODO.<\/p>\n\n\n\n<div style=\"height:20px\" aria-hidden=\"true\" class=\"wp-block-spacer\"><\/div>\n\n\n\n<p><strong>4. Narz\u0119dzia analityczne i cookies<\/strong><\/p>\n\n\n\n<p>Na stronie korzystamy z Google Analytics i Meta Pixel, kt\u00f3re mog\u0105 zbiera\u0107 informacje o Twoim urz\u0105dzeniu, przegl\u0105darce, adresie IP oraz aktywno\u015bci na stronie. Dane te s\u0105 wykorzystywane do cel\u00f3w analitycznych oraz marketingowych i mog\u0105 by\u0107 przekazywane do USA na podstawie standardowych klauzul umownych zatwierdzonych przez Komisj\u0119 Europejsk\u0105.<br><br>Mo\u017cesz zarz\u0105dza\u0107 ustawieniami cookies za pomoc\u0105 ustawie\u0144 przegl\u0105darki. W ka\u017cdej chwili mo\u017cesz r\u00f3wnie\u017c ograniczy\u0107 lub wy\u0142\u0105czy\u0107 personalizacj\u0119 reklam w ustawieniach kont Google lub Meta.<\/p>\n\n\n\n<div style=\"height:20px\" aria-hidden=\"true\" class=\"wp-block-spacer\"><\/div>\n\n\n\n<p><strong>5. Odbiorcy danych<\/strong><\/p>\n\n\n\n<p>Dane mog\u0105 by\u0107 przekazywane dostawcom us\u0142ug hostingowych, informatycznych, Google LLC, Meta Platforms Inc. oraz innym podmiotom przetwarzaj\u0105cym dane na zlecenie Administratora na podstawie zawartych um\u00f3w.<\/p>\n\n\n\n<div style=\"height:20px\" aria-hidden=\"true\" class=\"wp-block-spacer\"><\/div>\n\n\n\n<p><strong>6. Okres przechowywania danych<\/strong><\/p>\n\n\n\n<p>Dane z formularza kontaktowego przechowywane s\u0105 przez maksymalnie 12 miesi\u0119cy od zako\u0144czenia korespondencji, chyba \u017ce dalsze przechowywanie jest uzasadnione ochron\u0105 przed ewentualnymi roszczeniami.\u201d<br>Dane z narz\u0119dzi analitycznych \u2013 zgodnie z ustawieniami Google i Meta (zwykle 90 dni do 26 miesi\u0119cy).<\/p>\n\n\n\n<div style=\"height:20px\" aria-hidden=\"true\" class=\"wp-block-spacer\"><\/div>\n\n\n\n<p><strong>7. Prawa os\u00f3b, kt\u00f3rych dane dotycz\u0105<\/strong><\/p>\n\n\n\n<p>Masz prawo dost\u0119pu do swoich danych, ich sprostowania, usuni\u0119cia, ograniczenia przetwarzania, sprzeciwu oraz wniesienia skargi do Prezesa UODO.<\/p>\n\n\n\n<div style=\"height:20px\" aria-hidden=\"true\" class=\"wp-block-spacer\"><\/div>\n\n\n\n<p><strong>8. Dobrowolno\u015b\u0107 podania danych<\/strong><\/p>\n\n\n\n<p>Podanie danych w formularzu kontaktowym jest dobrowolne, ale niezb\u0119dne do uzyskania odpowiedzi.<br>Korzystanie ze strony oznacza zgod\u0119 na wykorzystywanie plik\u00f3w cookies.<\/p>\n\n\n\n<div style=\"height:20px\" aria-hidden=\"true\" class=\"wp-block-spacer\"><\/div>\n\n\n\n<p><strong>9. Pliki cookies<\/strong><\/p>\n\n\n\n<p><strong>9.1 Czym s\u0105 pliki cookies?<\/strong><\/p>\n\n\n\n<p>Pliki cookies (tzw. \u201eciasteczka\u201d) to niewielkie pliki tekstowe zapisywane w urz\u0105dzeniu ko\u0144cowym U\u017cytkownika (np. komputerze, telefonie), kt\u00f3re s\u0142u\u017c\u0105 m.in. do zapewnienia poprawnego dzia\u0142ania strony, analizy statystyk oraz personalizacji tre\u015bci.<\/p>\n\n\n\n<div style=\"height:20px\" aria-hidden=\"true\" class=\"wp-block-spacer\"><\/div>\n\n\n\n<p><strong>9.2 Jakie pliki cookies stosujemy?<\/strong><\/p>\n\n\n\n<p>W ramach naszej strony stosujemy nast\u0119puj\u0105ce rodzaje cookies:<br>&#8211; Niezb\u0119dne (techniczne) \u2013 umo\u017cliwiaj\u0105 prawid\u0142owe dzia\u0142anie serwisu, np. zapami\u0119tanie preferencji u\u017cytkownika.<br>&#8211; Analityczne (statystyczne) \u2013 zbierane przez Google Analytics, s\u0142u\u017c\u0105 do analizy ruchu na stronie, np. liczby odwiedzin, \u017ar\u00f3de\u0142 ruchu, urz\u0105dze\u0144.<br>&#8211; Marketingowe (reklamowe) \u2013 wykorzystywane przez Meta Pixel do prowadzenia dzia\u0142a\u0144 remarketingowych i personalizacji reklam (np. na Facebooku i Instagramie).<\/p>\n\n\n\n<div style=\"height:20px\" aria-hidden=\"true\" class=\"wp-block-spacer\"><\/div>\n\n\n\n<p><strong>9.3 Pliki cookies podmiot\u00f3w trzecich<\/strong><\/p>\n\n\n\n<p>W ramach dzia\u0142ania serwisu mog\u0105 by\u0107 stosowane cookies zewn\u0119trznych dostawc\u00f3w, w tym:<br>&#8211; Google LLC \u2013 us\u0142uga Google Analytics (z siedzib\u0105 w USA),<br>&#8211; Meta Platforms Inc. \u2013 us\u0142uga Facebook Pixel (z siedzib\u0105 w USA).<br><br>Informacje zebrane przez te narz\u0119dzia mog\u0105 by\u0107 przekazywane do pa\u0144stw trzecich (poza Europejskim Obszarem Gospodarczym),<br>na podstawie standardowych klauzul umownych zatwierdzonych przez Komisj\u0119 Europejsk\u0105.<\/p>\n\n\n\n<div style=\"height:20px\" aria-hidden=\"true\" class=\"wp-block-spacer\"><\/div>\n\n\n\n<p><strong>9.4 Jak zarz\u0105dza\u0107 plikami cookies?<\/strong><\/p>\n\n\n\n<p>U\u017cytkownik ma mo\u017cliwo\u015b\u0107 samodzielnego zarz\u0105dzania plikami cookies poprzez:<br>&#8211; zmian\u0119 ustawie\u0144 przegl\u0105darki internetowej (np. blokowanie plik\u00f3w cookies, usuwanie cookies po ka\u017cdej sesji),<br>&#8211; wyb\u00f3r zgody w banerze cookies przy pierwszym wej\u015bciu na stron\u0119,<br>&#8211; rezygnacj\u0119 z personalizacji reklam na poziomie Google: <a href=\"https:\/\/adssettings.google.com\">https:\/\/adssettings.google.com<\/a>,<br>&#8211; oraz Facebook\/Instagram: <a href=\"https:\/\/www.facebook.com\/adpreferences\/ad_settings\">https:\/\/www.facebook.com\/adpreferences\/ad_settings<\/a>.<\/p>\n\n\n\n<div style=\"height:20px\" aria-hidden=\"true\" class=\"wp-block-spacer\"><\/div>\n\n\n\n<p><strong>10. Zmiany w Polityce<\/strong><\/p>\n\n\n\n<p>Zastrzegamy sobie prawo do wprowadzania zmian w niniejszej Polityce.<br>Zmiany b\u0119d\u0105 publikowane na tej podstronie.<\/p>\n","protected":false},"excerpt":{"rendered":"<p>Polityka Prywatno\u015bci i Plik\u00f3w Cookies serwisu www.edukacja3d.pl 1. Administrator danych osobowych Administratorem Twoich danych osobowych jest Horyzont Maciej Roth z siedzib\u0105 w Warszawie, NIP: 5361788880 REGON: 361447247 e-mail: maciej.roth@a-z.edu.pl (dalej: \u201eAdministrator\u201d). 2. Zakres przetwarzanych danych Przetwarzamy dane osobowe, kt\u00f3re podajesz nam dobrowolnie w formularzu kontaktowym (np. imi\u0119, nazwisko, adres e-mail, numer telefonu) oraz dane zbierane [&hellip;]<\/p>\n","protected":false},"author":1,"featured_media":0,"parent":0,"menu_order":101,"comment_status":"closed","ping_status":"closed","template":"page-templates\/simple.php","meta":{"_acf_changed":false,"footnotes":""},"class_list":["post-45","page","type-page","status-publish","hentry","entry"],"acf":[],"_links":{"self":[{"href":"https:\/\/dev.merlo.studio\/edukacja3d-live\/wp-json\/wp\/v2\/pages\/45","targetHints":{"allow":["GET"]}}],"collection":[{"href":"https:\/\/dev.merlo.studio\/edukacja3d-live\/wp-json\/wp\/v2\/pages"}],"about":[{"href":"https:\/\/dev.merlo.studio\/edukacja3d-live\/wp-json\/wp\/v2\/types\/page"}],"author":[{"embeddable":true,"href":"https:\/\/dev.merlo.studio\/edukacja3d-live\/wp-json\/wp\/v2\/users\/1"}],"replies":[{"embeddable":true,"href":"https:\/\/dev.merlo.studio\/edukacja3d-live\/wp-json\/wp\/v2\/comments?post=45"}],"version-history":[{"count":8,"href":"https:\/\/dev.merlo.studio\/edukacja3d-live\/wp-json\/wp\/v2\/pages\/45\/revisions"}],"predecessor-version":[{"id":81,"href":"https:\/\/dev.merlo.studio\/edukacja3d-live\/wp-json\/wp\/v2\/pages\/45\/revisions\/81"}],"wp:attachment":[{"href":"https:\/\/dev.merlo.studio\/edukacja3d-live\/wp-json\/wp\/v2\/media?parent=45"}],"curies":[{"name":"wp","href":"https:\/\/api.w.org\/{rel}","templated":true}]}}