{"id":47,"date":"2025-07-12T14:00:02","date_gmt":"2025-07-12T12:00:02","guid":{"rendered":"https:\/\/dev.merlo.studio\/edukacja3d-live\/?page_id=47"},"modified":"2025-07-31T22:10:36","modified_gmt":"2025-07-31T20:10:36","slug":"regulamin","status":"publish","type":"page","link":"https:\/\/dev.merlo.studio\/edukacja3d-live\/regulamin\/","title":{"rendered":"Regulamin serwisu"},"content":{"rendered":"\n<h4 class=\"wp-block-heading\"><strong>Regulamin serwisu edukacja3d<\/strong><\/h4>\n\n\n\n<div style=\"height:20px\" aria-hidden=\"true\" class=\"wp-block-spacer\"><\/div>\n\n\n\n<p><strong>\u00a71 Postanowienia og\u00f3lne<\/strong><\/p>\n\n\n\n<p>1. Regulamin okre\u015bla zasady korzystania ze strony: www.edukacja3d.pl<br>2. W\u0142a\u015bcicielem i administratorem strony jest Horyzont Maciej Roth, ul. Jesiennych Li\u015bci, 11c, 03-289 Warszawa NIP: 5361788880<br>3. Kontakt: <a href=\"mailto:maciej.roth@a-z.edu.pl\">maciej.roth@a-z.edu.pl<\/a>, 660577077.<\/p>\n\n\n\n<div style=\"height:20px\" aria-hidden=\"true\" class=\"wp-block-spacer\"><\/div>\n\n\n\n<p><strong>\u00a72 Zasady korzystania ze strony<\/strong><\/p>\n\n\n\n<p>1. Strona ma charakter informacyjny.<br>2. U\u017cytkownik mo\u017ce kontaktowa\u0107 si\u0119 za pomoc\u0105 formularza.<br>3. Zabronione jest dostarczanie tre\u015bci bezprawnych.<\/p>\n\n\n\n<div style=\"height:20px\" aria-hidden=\"true\" class=\"wp-block-spacer\"><\/div>\n\n\n\n<p><strong>\u00a73 Odpowiedzialno\u015b\u0107<\/strong><\/p>\n\n\n\n<p>1. Administrator nie ponosi odpowiedzialno\u015bci za decyzje podj\u0119te na podstawie tre\u015bci strony.<br>2. Tre\u015bci maj\u0105 charakter pogl\u0105dowy i informacyjny.<\/p>\n\n\n\n<div style=\"height:20px\" aria-hidden=\"true\" class=\"wp-block-spacer\"><\/div>\n\n\n\n<p><strong>\u00a74 Prawa autorskie<\/strong><\/p>\n\n\n\n<p>Wszelkie materia\u0142y umieszczone na stronie s\u0105 chronione prawem autorskim.<br>Ich kopiowanie lub rozpowszechnianie wymaga pisemnej zgody Administratora.<\/p>\n\n\n\n<div style=\"height:20px\" aria-hidden=\"true\" class=\"wp-block-spacer\"><\/div>\n\n\n\n<p><strong>\u00a75 Dane osobowe<\/strong><\/p>\n\n\n\n<p>Dane s\u0105 przetwarzane zgodnie z Polityk\u0105 Prywatno\u015bci opublikowan\u0105 na stronie.<\/p>\n\n\n\n<div style=\"height:20px\" aria-hidden=\"true\" class=\"wp-block-spacer\"><\/div>\n\n\n\n<p><strong>\u00a76 Postanowienia ko\u0144cowe<\/strong><\/p>\n\n\n\n<p>1. Administrator mo\u017ce zmieni\u0107 Regulamin w dowolnym czasie.<br>2. Aktualny Regulamin b\u0119dzie dost\u0119pny na stronie internetowej.<br>3. W sprawach nieuregulowanych zastosowanie maj\u0105 przepisy prawa polskiego.<\/p>\n","protected":false},"excerpt":{"rendered":"<p>Regulamin serwisu edukacja3d \u00a71 Postanowienia og\u00f3lne 1. Regulamin okre\u015bla zasady korzystania ze strony: www.edukacja3d.pl2. W\u0142a\u015bcicielem i administratorem strony jest Horyzont Maciej Roth, ul. Jesiennych Li\u015bci, 11c, 03-289 Warszawa NIP: 53617888803. Kontakt: maciej.roth@a-z.edu.pl, 660577077. \u00a72 Zasady korzystania ze strony 1. Strona ma charakter informacyjny.2. U\u017cytkownik mo\u017ce kontaktowa\u0107 si\u0119 za pomoc\u0105 formularza.3. Zabronione jest dostarczanie tre\u015bci bezprawnych. [&hellip;]<\/p>\n","protected":false},"author":1,"featured_media":0,"parent":0,"menu_order":102,"comment_status":"closed","ping_status":"closed","template":"page-templates\/simple.php","meta":{"_acf_changed":false,"footnotes":""},"class_list":["post-47","page","type-page","status-publish","hentry","entry"],"acf":[],"_links":{"self":[{"href":"https:\/\/dev.merlo.studio\/edukacja3d-live\/wp-json\/wp\/v2\/pages\/47","targetHints":{"allow":["GET"]}}],"collection":[{"href":"https:\/\/dev.merlo.studio\/edukacja3d-live\/wp-json\/wp\/v2\/pages"}],"about":[{"href":"https:\/\/dev.merlo.studio\/edukacja3d-live\/wp-json\/wp\/v2\/types\/page"}],"author":[{"embeddable":true,"href":"https:\/\/dev.merlo.studio\/edukacja3d-live\/wp-json\/wp\/v2\/users\/1"}],"replies":[{"embeddable":true,"href":"https:\/\/dev.merlo.studio\/edukacja3d-live\/wp-json\/wp\/v2\/comments?post=47"}],"version-history":[{"count":3,"href":"https:\/\/dev.merlo.studio\/edukacja3d-live\/wp-json\/wp\/v2\/pages\/47\/revisions"}],"predecessor-version":[{"id":84,"href":"https:\/\/dev.merlo.studio\/edukacja3d-live\/wp-json\/wp\/v2\/pages\/47\/revisions\/84"}],"wp:attachment":[{"href":"https:\/\/dev.merlo.studio\/edukacja3d-live\/wp-json\/wp\/v2\/media?parent=47"}],"curies":[{"name":"wp","href":"https:\/\/api.w.org\/{rel}","templated":true}]}}