{"id":17,"date":"2025-07-23T17:15:22","date_gmt":"2025-07-23T15:15:22","guid":{"rendered":"https:\/\/dev.merlo.studio\/mg-live\/?page_id=17"},"modified":"2025-08-16T11:25:36","modified_gmt":"2025-08-16T09:25:36","slug":"polityka-prywatnosci","status":"publish","type":"page","link":"https:\/\/dev.merlo.studio\/mg-live\/polityka-prywatnosci\/","title":{"rendered":"Polityka prywatno\u015bci"},"content":{"rendered":"\n<p>Mag Graf Projekt szanuje Pa\u0144stwa prawo do\u00a0prywatno\u015bci i\u00a0stosuje najlepsze praktyki zgodnie z\u00a0obowi\u0105zuj\u0105cymi przepisami i\u00a0regulacjami dotycz\u0105cymi prywatno\u015bci, w\u00a0tym z\u00a0Rozporz\u0105dzeniem Parlamentu Europejskiego i\u00a0Rady (UE) 2016\/679 z\u00a0dnia 27 kwietnia 2016\u00a0r. w\u00a0sprawie ochrony os\u00f3b fizycznych w\u00a0zwi\u0105zku z\u00a0przetwarzaniem danych osobowych i\u00a0w\u00a0sprawie swobodnego przep\u0142ywu takich danych oraz\u00a0uchylenia dyrektywy 95\/46\/WE (og\u00f3lne rozporz\u0105dzenie o\u00a0ochronie danych) (\u201eRODO\u201d)<\/p>\n\n\n\n<p>W\u00a0niniejszej Polityce Prywatno\u015bci opisujemy, w\u00a0jaki spos\u00f3b zbieramy Pa\u0144stwa dane osobowe i\u00a0dlaczego je\u00a0zbieramy, co\u00a0robimy z\u00a0danymi osobowymi, w\u00a0jaki spos\u00f3b je\u00a0chronimy, a\u00a0tak\u017ce jakich wybor\u00f3w mo\u017cecie Pa\u0144stwo dokona\u0107 odno\u015bnie swoich danych osobowych.<\/p>\n\n\n\n<h4 class=\"wp-block-heading\">1. Jakie dane zbieramy?<\/h4>\n\n\n\n<p>Mag Graf Projekt zbiera dane o&nbsp;Tobie, kt\u00f3re s\u0105&nbsp;ograniczone do&nbsp;rodzaju informacji, kt\u00f3re mo\u017cna znale\u017a\u0107 na&nbsp;oficjalnych stronach www firmy lub wizyt\u00f3wce: imi\u0119, nazwisko, stanowisko, nazwisko pracodawcy, nazywa firmy, adres s\u0142u\u017cbowy, s\u0142u\u017cbowy adres e-mail i&nbsp;s\u0142u\u017cbowy numer telefonu.<\/p>\n\n\n\n<h4 class=\"wp-block-heading\">1.1. W&nbsp;jaki spos\u00f3b mo\u017cemy pozyskiwa\u0107 Twoje&nbsp;dane osobowe?<\/h4>\n\n\n\n<p>Twoje&nbsp;dane osobowe, kt\u00f3re przetwarzamy, mog\u0105 pochodzi\u0107 z&nbsp;nast\u0119puj\u0105cych \u017ar\u00f3de\u0142:<br>a) bezpo\u015brednio od&nbsp;Ciebie \u2013 w&nbsp;przypadku kontaktu z&nbsp;nami drog\u0105 mailow\u0105, telefoniczn\u0105 b\u0105d\u017a inn\u0105, np.&nbsp;poprzez formularz kontaktowy,<br>b) automatyczne zbieranie danych \u2013 podczas odwiedzania naszej strony internetowej zbierane mog\u0105 by\u0107 nast\u0119puj\u0105ce dane: dane o&nbsp;urz\u0105dzeniu, informacje o&nbsp;lokalizacji, dane o&nbsp;aktywno\u015bci na&nbsp;stronie, cookies,<br>c) osoby trzecie \u2013 nie&nbsp;wykluczamy, \u017ce&nbsp;Twoje&nbsp;dane osobowe mog\u0105 zosta\u0107 nam przekazane przez&nbsp;osoby trzecie np.&nbsp;w&nbsp;korespondencji mailowej,<br>d) publiczne \u017ar\u00f3d\u0142a \u2013 np.&nbsp;Centralna Ewidencja i&nbsp;Informacja o&nbsp;Dzia\u0142alno\u015bci Gospodarczej, dane uzyskiwane od&nbsp;dostawc\u00f3w us\u0142ug analitycznych.<\/p>\n\n\n\n<h4 class=\"wp-block-heading\">2. Bezpiecze\u0144stwo danych osobowych<\/h4>\n\n\n\n<p>Mag Graf Projekt uwzgl\u0119dniaj\u0105c stan wiedzy technicznej, koszt wdra\u017cania, charakter, zakres, kontekst i&nbsp;cele przetwarzania oraz&nbsp;ryzyko naruszenia praw lub wolno\u015bci os\u00f3b fizycznych stosuje odpowiednie \u015brodki techniczne i&nbsp;organizacyjne zapewniaj\u0105ce ochron\u0119 przetwarzanych danych osobowych odpowiedni\u0105 do&nbsp;zagro\u017ce\u0144 oraz&nbsp;kategorii danych obj\u0119tych ochron\u0105, a&nbsp;w&nbsp;szczeg\u00f3lno\u015bci zabezpiecza dane przed&nbsp;ich udost\u0119pnieniem osobom nieupowa\u017cnionym, zabraniem przez&nbsp;osob\u0119 nieuprawnion\u0105, przetwarzaniem z&nbsp;naruszeniem obowi\u0105zuj\u0105cych przepis\u00f3w oraz&nbsp;zmian\u0105, utrat\u0105, uszkodzeniem lub zniszczeniem.<\/p>\n\n\n\n<p>Aktualizujemy i&nbsp;testujemy zabezpieczenia na&nbsp;bie\u017c\u0105co i&nbsp;ograniczamy dost\u0119p do&nbsp;danych osobowych tylko&nbsp;tym, kt\u00f3rzy&nbsp;musz\u0105 je&nbsp;otrzyma\u0107, aby dostarczy\u0107 tre\u015bci lub us\u0142ugi oferowane przez&nbsp;nasz\u0105 firm\u0119. Informacje, kt\u00f3re uzyskujemy na&nbsp;Tw\u00f3j&nbsp;temat, w&nbsp;tym w&nbsp;informacje zawieraj\u0105ce dane osobowe, przechowywane s\u0105&nbsp;na&nbsp;odpowiednio zabezpieczonych serwerach.<br>Pomimo wdro\u017conych przez&nbsp;nas \u015brodk\u00f3w ochrony danych osobowych, udost\u0119pnianie przez&nbsp;Ciebie informacji za&nbsp;po\u015brednictwem Internetu lub publicznie dost\u0119pnych sieci, nigdy nie&nbsp;mo\u017ce by\u0107 uznane za&nbsp;ca\u0142kowicie bezpieczne i&nbsp;istnieje ryzyko, \u017ce&nbsp;dost\u0119p do&nbsp;Twoich&nbsp;danych osobowych uzyskaj\u0105 nieuprawnione do&nbsp;tego osoby trzecie.<\/p>\n\n\n\n<h4 class=\"wp-block-heading\">3. Przechowywanie danych osobowych<\/h4>\n\n\n\n<p>Przechowujemy Pa\u0144stwa dane osobowe przy u\u017cyciu w\u0142asnej infrastruktury teleinformatycznej oraz&nbsp;korzystny z&nbsp;us\u0142ug hostingodawc\u00f3w maj\u0105cych swoje siedziby na&nbsp;terenie UE.<\/p>\n\n\n\n<p>Nie&nbsp;udost\u0119pniamy Pa\u0144stwa danych podmiotom lub osobom trzecim, jednak\u017ce mo\u017cemy ujawni\u0107 Twoje&nbsp;dane osobowe organom \u015bcigania, organom nadzorczym, organom w\u0142adzy publicznej, podmiotom wykonuj\u0105cym zadania publiczne lub dzia\u0142aj\u0105cym na&nbsp;zlecenie organ\u00f3w w\u0142adzy publicznej oraz&nbsp;innym podmiotom trzecim. Ujawnienie takich danych odbywa si\u0119 w&nbsp;zwi\u0105zku z&nbsp;wykonywaniem obowi\u0105zk\u00f3w prawnych.<\/p>\n\n\n\n<h4 class=\"wp-block-heading\">4. Operacje na&nbsp;Pa\u0144stwa danych osobowych<\/h4>\n\n\n\n<p>U\u017cywamy danych osobowych, kt\u00f3re zbieramy, aby komunikowa\u0107 si\u0119 z&nbsp;Tob\u0105, ulepsza\u0107 nasze us\u0142ugi lub przedstawia\u0107 oferty, kt\u00f3re mog\u0105 by\u0107 interesuj\u0105ce dla Ciebie. Mo\u017cemy skontaktowa\u0107 si\u0119 r\u00f3wnie\u017c aby zaoferowa\u0107 dodatkowe produkty lub us\u0142ugi naszych Partner\u00f3w.<\/p>\n\n\n\n<h4 class=\"wp-block-heading\">5. Podstawy prawne do&nbsp;przetwarzania Twoich&nbsp;danych osobowych<\/h4>\n\n\n\n<p>W&nbsp;przypadku operacji przetwarzania danych w&nbsp;celach marketingowych, podstaw\u0105 takiego przetwarzania jest wype\u0142nienie cel\u00f3w wynikaj\u0105cych z&nbsp;prawnie uzasadnionych interes\u00f3w realizowanych przez&nbsp;Mag Graf Projekt (art. 6 ust. 1 lit. f) RODO)<\/p>\n\n\n\n<p>W&nbsp;pozosta\u0142ych (innych) celach Twoje&nbsp;dane osobowe mog\u0105 by\u0107 przetwarzane na&nbsp;podstawie:<\/p>\n\n\n\n<ul class=\"wp-block-list\">\n<li>dobrowolnie wyra\u017conych zg\u00f3d \u2013 (art. 6 ust. 1 lit. a) RODO)<\/li>\n\n\n\n<li>niezb\u0119dno\u015bci do&nbsp;innych cel\u00f3w wynikaj\u0105cych z&nbsp;prawnie uzasadnionych interes\u00f3w realizowanych przez&nbsp;Mag Graf Projekt prowadzenia korespondencji z&nbsp;Klientami, (w&nbsp;tym udzielania odpowiedzi na&nbsp;wiadomo\u015bci lub zapytania Klient\u00f3w).<\/li>\n<\/ul>\n\n\n\n<h4 class=\"wp-block-heading\">6. Okres przechowywania danych osobowych<\/h4>\n\n\n\n<p>Przechowujemy Twoje&nbsp;dane tak&nbsp;d\u0142ugo, jak jest to&nbsp;niezb\u0119dne do&nbsp;realizacji cel\u00f3w, dla kt\u00f3rych&nbsp;zosta\u0142y zebrane. W&nbsp;przypadku dzia\u0142a\u0144 marketingowych do&nbsp;czasu wniesienia przez&nbsp;Ciebie sprzeciwu, lub cofni\u0119cia zgody. W&nbsp;celu okre\u015blenia odpowiedniego okresu retencji danych osobowych, uwzgl\u0119dniamy ilo\u015b\u0107 i&nbsp;charakter przetwarzanych danych, w&nbsp;tym charakter danych szczeg\u00f3lnej kategorii. Bierzemy tak\u017ce pod&nbsp;uwag\u0119 potencjalne ryzyko niedozwolonego wykorzystania lub nieuprawnionego ujawnienia Twoich&nbsp;danych osobowych, mo\u017cliwo\u015b\u0107 realizacji cel\u00f3w przetwarzania za&nbsp;pomoc\u0105 innych \u015brodk\u00f3w oraz&nbsp;tre\u015b\u0107 przepis\u00f3w odnosz\u0105cych si\u0119 do&nbsp;przetwarzanych danych osobowych. Dane osobowe zwi\u0105zane z&nbsp;technologi\u0105 plik\u00f3w cookies s\u0105&nbsp;przechowywane przez&nbsp;czas odpowiadaj\u0105cy cyklowi \u017cycia plik\u00f3w cookies lub do&nbsp;czasu ich usuni\u0119cia przez&nbsp;Ciebie.<\/p>\n\n\n\n<h4 class=\"wp-block-heading\">7. Twoje&nbsp;prawa<\/h4>\n\n\n\n<p>W&nbsp;zwi\u0105zku z&nbsp;przetwarzaniem Twoich&nbsp;danych osobowych RODO przewiduje nast\u0119puj\u0105ce uprawnienia dla os\u00f3b, kt\u00f3rych&nbsp;danych osobowych przetwarzanie dotyczy \u2013 ka\u017cde z&nbsp;uprawnie\u0144, o&nbsp;kt\u00f3rych&nbsp;mowa poni\u017cej, mo\u017cesz zrealizowa\u0107, kontaktuj\u0105c si\u0119 z&nbsp;nami na&nbsp;adres mailowy:&nbsp;<a href=\"mailto:odo@mag-graf-projekt.pl\">odo@mag-graf-projekt.pl<\/a><\/p>\n\n\n\n<p>a) prawo dost\u0119pu do&nbsp;danych osobowych \u2013 prawo to&nbsp;umo\u017cliwia otrzymanie informacji, czy&nbsp;przetwarzamy dane osobowe na&nbsp;Tw\u00f3j&nbsp;temat, a&nbsp;je\u017celi tak, prawo do&nbsp;otrzymania kopii danych osobowych, kt\u00f3re przetwarzamy. Prawo dost\u0119pu do&nbsp;danych osobowych pozwala na&nbsp;zweryfikowanie tego, czy&nbsp;przetwarzamy je&nbsp;zgodnie z&nbsp;prawem,<\/p>\n\n\n\n<p>b) prawo do&nbsp;sprostowania danych osobowych \u2013 prawo to&nbsp;zapewnia mo\u017cliwo\u015b\u0107 \u017c\u0105dania poprawienia niekompletnych, nieprawdziwych lub nieaktualnych danych, kt\u00f3re przetwarzamy. W&nbsp;niekt\u00f3rych przypadkach realizuj\u0105c zg\u0142oszone \u017c\u0105danie b\u0119dziemy musieli zweryfikowa\u0107 poprawno\u015b\u0107 nowych danych, kt\u00f3re dostan\u0105 nam dostarczone,<\/p>\n\n\n\n<p>c) prawo do&nbsp;ograniczenia przetwarzania danych osobowych \u2013 prawo to&nbsp;pozwala zwr\u00f3ci\u0107 si\u0119 do&nbsp;nas z&nbsp;\u017c\u0105daniem wstrzymania przetwarzania Twoich&nbsp;danych osobowych w&nbsp;nast\u0119puj\u0105cych sytuacjach: (i) gdy&nbsp;Twoj\u0105 wol\u0105 jest, aby\u015bmy sprawdzili prawid\u0142owo\u015b\u0107 danych; (ii) gdy&nbsp;nasze przetwarzanie jest niezgodne z&nbsp;prawem; (iii) gdy&nbsp;wnios\u0142e\u015b sprzeciw wobec naszego przetwarzania, ale&nbsp;musimy zweryfikowa\u0107 czy&nbsp;w&nbsp;dalszym ci\u0105gu mamy nadrz\u0119dne i&nbsp;prawnie uzasadnione podstawy do&nbsp;kontynuowania przetwarzania Twoich&nbsp;danych osobowych,<\/p>\n\n\n\n<p>d) prawo do&nbsp;usuni\u0119cia danych osobowych \u2013 prawo to&nbsp;umo\u017cliwia \u017c\u0105danie usuni\u0119cia Twoich&nbsp;danych osobowych, je\u015bli nie&nbsp;s\u0105&nbsp;ju\u017c niezb\u0119dne do&nbsp;cel\u00f3w, dla kt\u00f3rych&nbsp;zosta\u0142y zebrane. Mo\u017cna r\u00f3wnie\u017c \u017c\u0105da\u0107 od&nbsp;nas usuni\u0119cia danych osobowych, je\u015bli skutecznie zrealizowano przys\u0142uguj\u0105ce prawo do&nbsp;sprzeciwu wobec przetwarzania (zob. poni\u017cej), je\u015bli przetwarzamy dane niezgodnie z&nbsp;prawem lub jeste\u015bmy zobowi\u0105zani do&nbsp;usuni\u0119cia Twoich&nbsp;danych osobowych w&nbsp;celu wywi\u0105zania si\u0119 z&nbsp;obowi\u0105zku prawnego wskazanego w&nbsp;przepisach obowi\u0105zuj\u0105cego prawa. Nale\u017cy pami\u0119ta\u0107, \u017ce&nbsp;w&nbsp;niekt\u00f3rych przypadkach, jeste\u015bmy zobowi\u0105zani przetwarza\u0107 Twoje&nbsp;dane na&nbsp;podstawie obowi\u0105zuj\u0105cych przepis\u00f3w i&nbsp;nie&nbsp;mo\u017cemy zrealizowa\u0107 \u017c\u0105dania, np.&nbsp;je\u015bli wymagaj\u0105 tego od&nbsp;nas przepisy, m.in.&nbsp;przepisy prawa podatkowego,<\/p>\n\n\n\n<p>e) prawo do&nbsp;sprzeciwu wobec przetwarzania dotycz\u0105cych Twoich&nbsp;danych w&nbsp;sytuacji, gdy&nbsp;przetwarzamy te&nbsp;dane w&nbsp;oparciu o&nbsp;przes\u0142ank\u0119 prawnie uzasadnionego interesu (naszego lub podmiot\u00f3w trzecich) \u2013 prawo do&nbsp;sprzeciwu mo\u017cesz wnie\u015b\u0107 z&nbsp;przyczyn zwi\u0105zanych z&nbsp;szczeg\u00f3ln\u0105 sytuacj\u0105, gdy&nbsp;Twoim zdaniem przetwarzanie wp\u0142ywa na&nbsp;Pa\u0144stwa prawa lub wolno\u015bci. Prawo do&nbsp;wniesienia sprzeciwu przys\u0142uguje r\u00f3wnie\u017c, je\u015bli przetwarzamy Twoje&nbsp;dane w&nbsp;celach marketingu bezpo\u015bredniego. W&nbsp;niekt\u00f3rych przypadkach, mo\u017cemy wykaza\u0107, \u017ce&nbsp;posiadamy prawnie uzasadnione podstawy do&nbsp;przetwarzania danych, kt\u00f3re s\u0105&nbsp;nadrz\u0119dne wobec Twoich&nbsp;praw i&nbsp;wolno\u015bci (np.&nbsp;konieczno\u015b\u0107 zapewnienia bezpiecze\u0144stwa Serwisu oraz&nbsp;przeciwdzia\u0142anie oszustwom). W&nbsp;takich przypadkach prawo do&nbsp;sprzeciwu nie&nbsp;\u0142\u0105czy si\u0119 z&nbsp;usuni\u0119ciem Twoich&nbsp;danych osobowych,<\/p>\n\n\n\n<p>f) prawo do&nbsp;przenoszenia danych osobowych \u2013 realizuj\u0105c to&nbsp;prawo dostarczymy Tobie lub wskazanej przez&nbsp;osobie trzeciej Twoje&nbsp;dane osobowe w&nbsp;ustrukturyzowanym, powszechnie u\u017cywanym formacie, nadaj\u0105cym si\u0119 do&nbsp;odczytu maszynowego. Prawo to&nbsp;przys\u0142uguje tylko&nbsp;w&nbsp;odniesieniu do&nbsp;danych przetwarzanych na&nbsp;podstawie zgody lub przes\u0142anki wykonania umowy, kt\u00f3r\u0105 z&nbsp;nami zawarto, a&nbsp;samo przetwarzanie odbywa si\u0119 w&nbsp;spos\u00f3b zautomatyzowany (w&nbsp;systemach informatycznych).<\/p>\n\n\n\n<p>W&nbsp;przypadku, gdy&nbsp;udzielono nam zgody na&nbsp;przetwarzanie Twoich&nbsp;danych osobowych, masz prawo do&nbsp;wycofania jej w&nbsp;dowolnym momencie. Wycofanie zgody nie&nbsp;wp\u0142ywa na&nbsp;zgodno\u015b\u0107 z&nbsp;prawem przetwarzania, kt\u00f3rego&nbsp;dokonano na&nbsp;podstawie zgody przed&nbsp;jej wycofaniem. Zgod\u0119 mo\u017cna wycofa\u0107 kieruj\u0105c \u017c\u0105danie na&nbsp;adres mailowy lub ka\u017cdorazowo klikaj\u0105c w&nbsp;link znajduj\u0105cy si\u0119 w&nbsp;wiadomo\u015bci mailowej wysy\u0142anej na&nbsp;skutek uzyskania od&nbsp;Ciebie uprzedniej zgody (wysy\u0142ka newslettera, informacji handlowych).<\/p>\n\n\n\n<p>Realizacja praw jest, co&nbsp;do&nbsp;zasady, bezp\u0142atna \u2013 nie&nbsp;ma&nbsp;konieczno\u015bci wnoszenia op\u0142aty za&nbsp;realizacj\u0119 prawa dost\u0119pu do&nbsp;Twoich&nbsp;danych osobowych (lub za&nbsp;realizacj\u0119 jakichkolwiek innych praw). Mo\u017cemy jednak pobra\u0107 op\u0142at\u0119 w&nbsp;rozs\u0105dnej wysoko\u015bci, je\u015bli zg\u0142oszone \u017c\u0105danie jest w&nbsp;oczywisty spos\u00f3b nieuzasadnione lub nadmierne, w&nbsp;szczeg\u00f3lno\u015bci ze&nbsp;wzgl\u0119du na&nbsp;ich ustawiczny charakter. W&nbsp;takich przypadkach mo\u017cemy r\u00f3wnie\u017c odm\u00f3wi\u0107 spe\u0142nienia \u017c\u0105dania.<\/p>\n\n\n\n<p>Dok\u0142adamy stara\u0144, aby odpowiedzie\u0107 na&nbsp;wszystkie prawnie uzasadnione \u017c\u0105dania w&nbsp;ci\u0105gu jednego miesi\u0105ca. Je\u015bli \u017c\u0105danie jest szczeg\u00f3lnie skomplikowane lub z\u0142o\u017cono kilka \u017c\u0105da\u0144 ich rozpoznanie mo\u017ce zaj\u0105\u0107 nam d\u0142u\u017cej ni\u017c miesi\u0105c. W&nbsp;takim wypadku poinformujemy Ci\u0119 wyd\u0142u\u017ceniu terminu i&nbsp;zapewnimy bie\u017c\u0105ce informacje dotycz\u0105ce realizacji \u017c\u0105dania.<\/p>\n\n\n\n<p>Masz r\u00f3wnie\u017c prawo w&nbsp;dowolnym czasie wnie\u015b\u0107 skarg\u0119 do&nbsp;w\u0142a\u015bciwego organu nadzorczego. B\u0119dziemy wdzi\u0119czni, je\u015bli przed&nbsp;wniesieniem skargi do&nbsp;organu nadzorczego, dasz nam szans\u0119 zaj\u0119cia si\u0119 Twoj\u0105 spraw\u0105 i&nbsp;w\u0105tpliwo\u015bciami zwi\u0105zanymi z&nbsp;naszym dzia\u0142aniem. Z&nbsp;tego powodu prosimy o&nbsp;kontakt mailowy.<\/p>\n\n\n\n<h4 class=\"wp-block-heading\">8. Pliki cookies<\/h4>\n\n\n\n<p>Pliki cookies to&nbsp;dane informatyczne, w&nbsp;szczeg\u00f3lno\u015bci pliki tekstowe, przechowywane w&nbsp;urz\u0105dzeniach ko\u0144cowych u\u017cytkownik\u00f3w przeznaczone do&nbsp;korzystania ze&nbsp;strony. Pliki te&nbsp;pozwalaj\u0105 rozpozna\u0107 urz\u0105dzenie u\u017cytkownika i&nbsp;odpowiednio wy\u015bwietli\u0107 stron\u0119 dostosowan\u0105 do&nbsp;jego indywidualnych preferencji. Cookies zazwyczaj zawieraj\u0105 nazw\u0119 strony internetowej, z&nbsp;kt\u00f3rej&nbsp;pochodz\u0105, czas przechowywania ich na&nbsp;urz\u0105dzeniu ko\u0144cowym oraz&nbsp;unikalny numer.<\/p>\n\n\n\n<p>1. Pliki cookies u\u017cywane s\u0105&nbsp;w&nbsp;celu dostosowania zawarto\u015bci strony do&nbsp;preferencji u\u017cytkownika oraz&nbsp;optymalizacji korzystania ze&nbsp;strony. U\u017cywane s\u0105&nbsp;r\u00f3wnie\u017c w&nbsp;celu tworzenia anonimowych, zagregowanych statystyk, kt\u00f3re pomagaj\u0105 zrozumie\u0107 w&nbsp;jaki spos\u00f3b u\u017cytkownik korzysta ze&nbsp;stron internetowych co&nbsp;umo\u017cliwia ulepszanie ich struktury i&nbsp;zawarto\u015bci, z&nbsp;wy\u0142\u0105czeniem personalnej identyfikacji u\u017cytkownika.<br>2. Informujemy, \u017ce&nbsp;przechowujemy pliki cookies na&nbsp;urz\u0105dzeniu ko\u0144cowym u\u017cytkownika, a&nbsp;nast\u0119pnie uzyskujemy dost\u0119p do&nbsp;informacji w&nbsp;nich zawartych w&nbsp;celach statystycznych, w&nbsp;celach marketingowych (remarketing) oraz&nbsp;w&nbsp;celu zapewnienia prawid\u0142owego dzia\u0142ania strony. Informujemy tak\u017ce, \u017ce&nbsp;mo\u017ce zaistnie\u0107 konieczno\u015b\u0107 lub uzasadniony interes w&nbsp;wykorzystaniu innych rodzaj\u00f3w plik\u00f3w cookies ni\u017c wymienione powy\u017cej.<br>3. Dane osobowe gromadzone przy u\u017cyciu plik\u00f3w cookies mog\u0105 by\u0107 zbierane wy\u0142\u0105cznie w&nbsp;celu wykonywania okre\u015blonych funkcji na&nbsp;rzecz u\u017cytkownika.<br>4. Przegl\u0105darki internetowe domy\u015blnie dopuszczaj\u0105 umieszczanie plik\u00f3w cookies na&nbsp;urz\u0105dzeniu ko\u0144cowym.<br>5. Ustawienia te&nbsp;mog\u0105 zosta\u0107 zmienione w&nbsp;taki spos\u00f3b, aby blokowa\u0107 automatyczn\u0105 obs\u0142ug\u0119 plik\u00f3w cookies w&nbsp;ustawieniach przegl\u0105darki internetowej b\u0105d\u017a informowa\u0107 o&nbsp;ich ka\u017cdorazowym przes\u0142aniu na&nbsp;urz\u0105dzenie u\u017cytkownika.<br>6. Informacje o&nbsp;mo\u017cliwo\u015bci i&nbsp;sposobach obs\u0142ugi plik\u00f3w cookies dost\u0119pne s\u0105&nbsp;w&nbsp;ustawieniach wykorzystywanej przez&nbsp;u\u017cytkownika przegl\u0105darki internetowej.<br>7. Ograniczenie stosowania plik\u00f3w cookies mo\u017ce wp\u0142yn\u0105\u0107 na&nbsp;niekt\u00f3re funkcjonalno\u015bci dost\u0119pne na&nbsp;stronie.<\/p>\n\n\n\n<h4 class=\"wp-block-heading\">9. Zautomatyzowane przetwarzanie danych osobowych<\/h4>\n\n\n\n<p>Dane, kt\u00f3re gromadzimy w&nbsp;zwi\u0105zku z&nbsp;korzystaniem z&nbsp;naszych serwis\u00f3w mog\u0105 by\u0107 przetwarzane w&nbsp;spos\u00f3b zautomatyzowany (w&nbsp;tym w&nbsp;formie profilowania). Nie&nbsp;b\u0119dzie to&nbsp;wywo\u0142ywa\u0107 wobec osoby fizycznej skutk\u00f3w prawnych lub w&nbsp;inny spos\u00f3b wp\u0142ywa\u0107 na&nbsp;jej sytuacj\u0119. Szczeg\u00f3ln\u0105 wag\u0119 przyk\u0142adamy do&nbsp;kwestii ewentualnego profilowania i&nbsp;wskazujemy, \u017ce:<\/p>\n\n\n\n<ul class=\"wp-block-list\">\n<li>na&nbsp;potrzeby ewentualnego profilowania nie&nbsp;przetwarzamy \u017cadnych danych wra\u017cliwych,<\/li>\n\n\n\n<li>na&nbsp;potrzeby ewentualnego profilowania wykorzystujemy typowe dane:<br>adres e-mail,numer IP lub cookies,<\/li>\n\n\n\n<li>ewentualne profilowanie mo\u017ce mie\u0107 na&nbsp;celu analiz\u0119 preferencji lub zainteresowa\u0144 os\u00f3b korzystaj\u0105cych z&nbsp;naszych serwis\u00f3w lub\/i us\u0142ug oraz&nbsp;mo\u017ce mie\u0107 na&nbsp;celu dopasowywanie tre\u015bci znajduj\u0105cych si\u0119 w&nbsp;naszych serwisach do&nbsp;indywidualnych preferencji.<\/li>\n\n\n\n<li>ewentualne profilowanie mo\u017ce by\u0107 wykonywane w&nbsp;celach marketingowych<\/li>\n\n\n\n<li>dostosowania oferty marketingowej do&nbsp;preferencji.<\/li>\n<\/ul>\n\n\n\n<h4 class=\"wp-block-heading\">10. Zmiany w&nbsp;Polityce Prywatno\u015bci<\/h4>\n\n\n\n<p>Zastrzegamy sobie mo\u017cliwo\u015b\u0107 zmiany naszej Polityki w&nbsp;przypadku zmian przepis\u00f3w prawa, wytycznych organ\u00f3w odpowiedzialnych za&nbsp;nadz\u00f3r nad&nbsp;procesami ochrony danych osobowych, technologii, przy wykorzystaniu kt\u00f3rej&nbsp;przetwarzamy dane osobowe a&nbsp;tak\u017ce w&nbsp;razie zmiany sposob\u00f3w, cel\u00f3w lub podstaw prawnych przetwarzania przez&nbsp;nas danych osobowych. W&nbsp;przypadku istotnych zmian mo\u017cemy wys\u0142a\u0107 pa\u0144stwu odr\u0119bne powiadomienie.<\/p>\n\n\n\n<h4 class=\"wp-block-heading\">11. Pytania lub w\u0105tpliwo\u015bci<\/h4>\n\n\n\n<p>W&nbsp;przypadku jakichkolwiek pyta\u0144 lub w\u0105tpliwo\u015bci dotycz\u0105cych przetwarzania Twoich&nbsp;danych osobowych przez&nbsp;nas prosimy o&nbsp;kontakt drog\u0105 elektroniczn\u0105 na&nbsp;adres:&nbsp;<a href=\"mailto:odo@mag-graf-projekt.pl\">odo@mag-graf-projekt.pl<\/a><\/p>\n","protected":false},"excerpt":{"rendered":"<p>Mag Graf Projekt szanuje Pa\u0144stwa prawo do\u00a0prywatno\u015bci i\u00a0stosuje najlepsze praktyki zgodnie z\u00a0obowi\u0105zuj\u0105cymi przepisami i\u00a0regulacjami dotycz\u0105cymi prywatno\u015bci, w\u00a0tym z\u00a0Rozporz\u0105dzeniem Parlamentu Europejskiego i\u00a0Rady (UE) 2016\/679 z\u00a0dnia 27 kwietnia 2016\u00a0r. w\u00a0sprawie ochrony os\u00f3b fizycznych w\u00a0zwi\u0105zku z\u00a0przetwarzaniem danych osobowych i\u00a0w\u00a0sprawie swobodnego przep\u0142ywu takich danych oraz\u00a0uchylenia dyrektywy 95\/46\/WE (og\u00f3lne rozporz\u0105dzenie o\u00a0ochronie danych) (\u201eRODO\u201d) W\u00a0niniejszej Polityce Prywatno\u015bci opisujemy, w\u00a0jaki spos\u00f3b zbieramy [&hellip;]<\/p>\n","protected":false},"author":1,"featured_media":0,"parent":0,"menu_order":100,"comment_status":"closed","ping_status":"closed","template":"page-templates\/simple.php","meta":{"_acf_changed":false,"footnotes":""},"class_list":["post-17","page","type-page","status-publish","hentry","entry"],"acf":[],"_links":{"self":[{"href":"https:\/\/dev.merlo.studio\/mg-live\/wp-json\/wp\/v2\/pages\/17","targetHints":{"allow":["GET"]}}],"collection":[{"href":"https:\/\/dev.merlo.studio\/mg-live\/wp-json\/wp\/v2\/pages"}],"about":[{"href":"https:\/\/dev.merlo.studio\/mg-live\/wp-json\/wp\/v2\/types\/page"}],"author":[{"embeddable":true,"href":"https:\/\/dev.merlo.studio\/mg-live\/wp-json\/wp\/v2\/users\/1"}],"replies":[{"embeddable":true,"href":"https:\/\/dev.merlo.studio\/mg-live\/wp-json\/wp\/v2\/comments?post=17"}],"version-history":[{"count":7,"href":"https:\/\/dev.merlo.studio\/mg-live\/wp-json\/wp\/v2\/pages\/17\/revisions"}],"predecessor-version":[{"id":115,"href":"https:\/\/dev.merlo.studio\/mg-live\/wp-json\/wp\/v2\/pages\/17\/revisions\/115"}],"wp:attachment":[{"href":"https:\/\/dev.merlo.studio\/mg-live\/wp-json\/wp\/v2\/media?parent=17"}],"curies":[{"name":"wp","href":"https:\/\/api.w.org\/{rel}","templated":true}]}}