{"id":19,"date":"2025-07-23T17:15:31","date_gmt":"2025-07-23T15:15:31","guid":{"rendered":"https:\/\/dev.merlo.studio\/mg-live\/?page_id=19"},"modified":"2025-08-16T11:26:36","modified_gmt":"2025-08-16T09:26:36","slug":"klauzula-informacyjna","status":"publish","type":"page","link":"https:\/\/dev.merlo.studio\/mg-live\/klauzula-informacyjna\/","title":{"rendered":"Klauzula informacyjna"},"content":{"rendered":"\n<p><strong>Klauzula informacyjna monitoringu wizyjnego<\/strong><br><strong>Mag-Graf Projekt Robert Sommerfeld<\/strong><br><strong>ul.&nbsp;Pozna\u0144ska 57, Mrowino<\/strong><br><strong>62-090 Rokietnica<\/strong><\/p>\n\n\n\n<p>Na&nbsp;podstawie Rozporz\u0105dzenia Parlamentu Europejskiego i&nbsp;Rady (EU) 2016\/679 z&nbsp;dnia 27 kwietnia 2016 roku w&nbsp;sprawie ochrony os\u00f3b fizycznych w&nbsp;zwi\u0105zku z&nbsp;przetwarzaniem danych osobowych i&nbsp;w&nbsp;sprawie swobodnego przep\u0142ywu takich danych oraz&nbsp;uchylenia dyrektywy 95\/46\/WE (zwanego dalej: RODO), informujemy, \u017ce:<\/p>\n\n\n\n<ol class=\"wp-block-list\">\n<li>Administratorem Pani\/Pana danych osobowych jest: Robert Sommerfeld, prowadz\u0105cy dzia\u0142alno\u015b\u0107 gospodarcz\u0105 pod\u00a0firm\u0105 Mag-Graf Projekt Robert Sommerfeld, ul.\u00a0Pozna\u0144ska 57, Mrowino 62-090 Rokietnica.<\/li>\n\n\n\n<li>Dane osobowe gromadzone przy wykorzystaniu systemu monitoringu wizyjnego zbierane s\u0105\u00a0w\u00a0celu ograniczenia zachowa\u0144 nagannych oraz\u00a0innych zachowa\u0144 niepo\u017c\u0105danych, zagra\u017caj\u0105cych bezpiecze\u0144stwu: u\u017cytkownik\u00f3w obiekt\u00f3w, pracownik\u00f3w, wsp\u00f3\u0142pracownik\u00f3w, dostawc\u00f3w oraz\u00a0klient\u00f3w, ograniczenia zachowa\u0144 zagra\u017caj\u0105cych mieniu przedsi\u0119biorstwa, ustalania sprawc\u00f3w czyn\u00f3w nagannych, pomocy przy wyja\u015bnianiu zaistnia\u0142ych na\u00a0monitorowanym terenie sytuacji konfliktowych, ograniczenia dost\u0119pu na\u00a0teren przedsi\u0119biorstwa osobom nieuprawnionym i\u00a0niepo\u017c\u0105danym. Podstaw\u0105 prawn\u0105 przetwarzania danych osobowych jest uzasadniony interes administratora danych.<\/li>\n\n\n\n<li>Dane osobowe (wizerunkowe) nie\u00a0s\u0105\u00a0przekazywane podmiotom trzecim, jednak mog\u0105 zosta\u0107 udost\u0119pnione organom upowa\u017cnionym do\u00a0ich przetwarzania na\u00a0podstawie odr\u0119bnych przepis\u00f3w prawa, takim jak Policja, prokuratura, S\u0105dy. Dost\u0119p do\u00a0zapis\u00f3w monitoringu wizyjnego mog\u0105 ponadto uzyska\u0107 podmioty odpowiedzialne za\u00a0obs\u0142ug\u0119 i\u00a0serwis systemu monitoringu wizyjnego.<\/li>\n\n\n\n<li>Dane osobowe b\u0119d\u0105 przechowywane przez\u00a0okres 10 dni z\u00a0zastrze\u017ceniem pkt 5 poni\u017cej.<\/li>\n\n\n\n<li>Je\u017celi nagrania obrazu z\u00a0monitoringu stanowi\u0105 dow\u00f3d w\u00a0post\u0119powaniu prowadzonym na\u00a0podstawie prawa lub administrator danych powzi\u0105\u0142 wiadomo\u015b\u0107, i\u017c\u00a0mog\u0105 one stanowi\u0107 dow\u00f3d w\u00a0post\u0119powaniu, termin okre\u015blony w\u00a0pkt. 4 ulega przed\u0142u\u017ceniu do\u00a0czasu prawomocnego zako\u0144czenia post\u0119powania.<\/li>\n\n\n\n<li>Przys\u0142uguje Pani\/Panu prawo \u017c\u0105dania od\u00a0administratora danych dost\u0119pu do\u00a0tre\u015bci swoich danych osobowych, ich usuni\u0119cia lub ograniczenia przetwarzania.<\/li>\n\n\n\n<li>Je\u017celi uzna Pani\/Pan, \u017ce\u00a0przetwarzanie danych osobowych Pani\/Pana dotycz\u0105cych narusza przepisy RODO, ma\u00a0Pani\/Pan prawo wniesienia skargi do\u00a0organu nadzorczego \u2013 Prezesa Urz\u0119du Ochrony Danych Osobowych.<\/li>\n\n\n\n<li>Pani\/Pana dane osobowe b\u0119d\u0105 przetwarzane w\u00a0spos\u00f3b zautomatyzowany (zapis obrazu za\u00a0pomoc\u0105 kamer).<\/li>\n\n\n\n<li>Pani\/Pana dane osobowe nie\u00a0b\u0119d\u0105 poddawane profilowaniu.<\/li>\n<\/ol>\n","protected":false},"excerpt":{"rendered":"<p>Klauzula informacyjna monitoringu wizyjnegoMag-Graf Projekt Robert Sommerfeldul.&nbsp;Pozna\u0144ska 57, Mrowino62-090 Rokietnica Na&nbsp;podstawie Rozporz\u0105dzenia Parlamentu Europejskiego i&nbsp;Rady (EU) 2016\/679 z&nbsp;dnia 27 kwietnia 2016 roku w&nbsp;sprawie ochrony os\u00f3b fizycznych w&nbsp;zwi\u0105zku z&nbsp;przetwarzaniem danych osobowych i&nbsp;w&nbsp;sprawie swobodnego przep\u0142ywu takich danych oraz&nbsp;uchylenia dyrektywy 95\/46\/WE (zwanego dalej: RODO), informujemy, \u017ce:<\/p>\n","protected":false},"author":1,"featured_media":0,"parent":0,"menu_order":100,"comment_status":"closed","ping_status":"closed","template":"page-templates\/simple.php","meta":{"_acf_changed":false,"footnotes":""},"class_list":["post-19","page","type-page","status-publish","hentry","entry"],"acf":[],"_links":{"self":[{"href":"https:\/\/dev.merlo.studio\/mg-live\/wp-json\/wp\/v2\/pages\/19","targetHints":{"allow":["GET"]}}],"collection":[{"href":"https:\/\/dev.merlo.studio\/mg-live\/wp-json\/wp\/v2\/pages"}],"about":[{"href":"https:\/\/dev.merlo.studio\/mg-live\/wp-json\/wp\/v2\/types\/page"}],"author":[{"embeddable":true,"href":"https:\/\/dev.merlo.studio\/mg-live\/wp-json\/wp\/v2\/users\/1"}],"replies":[{"embeddable":true,"href":"https:\/\/dev.merlo.studio\/mg-live\/wp-json\/wp\/v2\/comments?post=19"}],"version-history":[{"count":2,"href":"https:\/\/dev.merlo.studio\/mg-live\/wp-json\/wp\/v2\/pages\/19\/revisions"}],"predecessor-version":[{"id":117,"href":"https:\/\/dev.merlo.studio\/mg-live\/wp-json\/wp\/v2\/pages\/19\/revisions\/117"}],"wp:attachment":[{"href":"https:\/\/dev.merlo.studio\/mg-live\/wp-json\/wp\/v2\/media?parent=19"}],"curies":[{"name":"wp","href":"https:\/\/api.w.org\/{rel}","templated":true}]}}