{"id":425,"date":"2025-08-19T16:04:07","date_gmt":"2025-08-19T14:04:07","guid":{"rendered":"https:\/\/dev.merlo.studio\/mg-live\/?page_id=425"},"modified":"2025-08-20T17:49:46","modified_gmt":"2025-08-20T15:49:46","slug":"politique-de-confidentialite","status":"publish","type":"page","link":"https:\/\/dev.merlo.studio\/mg-live\/fr\/politique-de-confidentialite\/","title":{"rendered":"Politique de confidentialit\u00e9"},"content":{"rendered":"\n<p>Mag Graf Projekt respecte votre droit \u00e0 la vie priv\u00e9e et applique les meilleures pratiques conform\u00e9ment aux lois et r\u00e9glementations applicables en mati\u00e8re de confidentialit\u00e9, notamment le R\u00e8glement (UE) 2016\/679 du Parlement europ\u00e9en et du Conseil du 27 avril 2016 relatif \u00e0 la protection des personnes physiques \u00e0 l&#8217;\u00e9gard du traitement des donn\u00e9es \u00e0 caract\u00e8re personnel et \u00e0 la libre circulation de ces donn\u00e9es, et abrogeant la directive 95\/46\/CE (R\u00e8glement g\u00e9n\u00e9ral sur la protection des donn\u00e9es) (\u00ab RGPD \u00bb).<\/p>\n\n\n\n<p>Cette politique de confidentialit\u00e9 d\u00e9crit comment et pourquoi nous collectons vos donn\u00e9es personnelles, ce que nous en faisons, comment nous les prot\u00e9geons et les choix que vous pouvez faire concernant vos donn\u00e9es personnelles.<\/p>\n\n\n\n<h4 class=\"wp-block-heading\">1. Quelles donn\u00e9es collectons-nous\u00a0?<\/h4>\n\n\n\n<ol class=\"wp-block-list\"><\/ol>\n\n\n\n<p>Mag Graf Projekt collecte des donn\u00e9es vous concernant, limit\u00e9es aux informations figurant sur le site web officiel de l&#8217;entreprise ou sur sa carte de visite&nbsp;: pr\u00e9nom, nom, fonction, nom de l&#8217;employeur, nom de l&#8217;entreprise, adresse professionnelle, adresse e-mail professionnelle et num\u00e9ro de t\u00e9l\u00e9phone professionnel.<\/p>\n\n\n\n<h4 class=\"wp-block-heading\">1.1. Comment collectons-nous vos donn\u00e9es personnelles&nbsp;?<\/h4>\n\n\n\n<p>Vos donn\u00e9es personnelles que nous traitons peuvent provenir des sources suivantes\u00a0:<br>a) directement de vous \u2013 lorsque vous nous contactez par e-mail, t\u00e9l\u00e9phone ou autre moyen, par exemple via un formulaire de contact\u00a0;<br>b) collecte automatique de donn\u00e9es \u2013 lorsque vous visitez notre site web, les donn\u00e9es suivantes peuvent \u00eatre collect\u00e9es\u00a0: donn\u00e9es de l\u2019appareil, informations de localisation, donn\u00e9es d\u2019activit\u00e9 sur le site web, cookies\u00a0;<br>c) tiers \u2013 nous n\u2019excluons pas que vos donn\u00e9es personnelles nous soient communiqu\u00e9es par des tiers, par exemple par e-mail\u00a0;<br>d) sources publiques \u2013 par exemple, le Registre central et les Informations sur l\u2019activit\u00e9 des entreprises, donn\u00e9es obtenues aupr\u00e8s de prestataires de services d\u2019analyse. <\/p>\n\n\n\n<h4 class=\"wp-block-heading\">2. S\u00e9curit\u00e9 des donn\u00e9es personnelles<\/h4>\n\n\n\n<p>Mag Graf Projekt, compte tenu de l\u2019\u00e9tat des connaissances techniques, des co\u00fbts de mise en \u0153uvre, de la nature, de la port\u00e9e, du contexte et des finalit\u00e9s du traitement, ainsi que du risque d\u2019atteinte aux droits et libert\u00e9s des personnes physiques, applique les mesures techniques et organisationnelles appropri\u00e9es pour assurer la protection des donn\u00e9es personnelles trait\u00e9es, adapt\u00e9es aux menaces et aux cat\u00e9gories de donn\u00e9es prot\u00e9g\u00e9es. Elle prot\u00e8ge notamment les donn\u00e9es contre toute divulgation ou suppression non autoris\u00e9e, tout traitement contraire \u00e0 la r\u00e9glementation applicable, ainsi que toute alt\u00e9ration, perte, dommage ou destruction.<\/p>\n\n\n\n<p>Nous mettons \u00e0 jour et testons r\u00e9guli\u00e8rement nos mesures de s\u00e9curit\u00e9 et limitons l&#8217;acc\u00e8s aux donn\u00e9es personnelles aux seules personnes qui en ont besoin pour fournir le contenu ou les services propos\u00e9s par notre entreprise. Les informations que nous recueillons \u00e0 votre sujet, y compris celles contenant des donn\u00e9es personnelles, sont stock\u00e9es sur des serveurs s\u00e9curis\u00e9s. Malgr\u00e9 les mesures de protection des donn\u00e9es personnelles que nous avons mises en \u0153uvre, le partage d&#8217;informations via Internet ou des r\u00e9seaux publics ne peut jamais \u00eatre consid\u00e9r\u00e9 comme totalement s\u00e9curis\u00e9, et il existe un risque que des tiers non autoris\u00e9s acc\u00e8dent \u00e0 vos donn\u00e9es personnelles.<\/p>\n\n\n\n<h4 class=\"wp-block-heading\">3. Stockage des donn\u00e9es personnelles<\/h4>\n\n\n\n<ol start=\"3\" class=\"wp-block-list\"><\/ol>\n\n\n\n<p>Nous stockons vos donn\u00e9es personnelles sur notre propre infrastructure informatique et faisons appel aux services d&#8217;h\u00e9bergeurs bas\u00e9s dans l&#8217;UE.<\/p>\n\n\n\n<p>Nous ne partageons pas vos donn\u00e9es avec des tiers ni avec des entit\u00e9s, mais nous pouvons les divulguer aux forces de l&#8217;ordre, aux autorit\u00e9s de contr\u00f4le, aux pouvoirs publics, aux entit\u00e9s exer\u00e7ant des missions publiques ou agissant pour le compte des pouvoirs publics, et \u00e0 d&#8217;autres tiers. Ces donn\u00e9es sont divulgu\u00e9es dans le cadre du respect des obligations l\u00e9gales.<\/p>\n\n\n\n<h4 class=\"wp-block-heading\">4. Op\u00e9rations relatives \u00e0 vos donn\u00e9es personnelles<\/h4>\n\n\n\n<ol start=\"4\" class=\"wp-block-list\"><\/ol>\n\n\n\n<p>Nous utilisons les donn\u00e9es personnelles que nous collectons pour communiquer avec vous, am\u00e9liorer nos services ou vous pr\u00e9senter des offres susceptibles de vous int\u00e9resser. Nous pouvons \u00e9galement vous contacter pour vous proposer des produits ou services suppl\u00e9mentaires de nos partenaires.<\/p>\n\n\n\n<h4 class=\"wp-block-heading\">5. Base juridique du traitement de vos donn\u00e9es personnelles<\/h4>\n\n\n\n<ol start=\"5\" class=\"wp-block-list\"><\/ol>\n\n\n\n<p>Dans le cas d&#8217;op\u00e9rations de traitement de donn\u00e9es \u00e0 des fins marketing, la base juridique de ce traitement est la r\u00e9alisation des finalit\u00e9s d\u00e9coulant des int\u00e9r\u00eats l\u00e9gitimes poursuivis par Mag Graf Projekt (article 6, paragraphe 1, lettre f) du RGPD).<\/p>\n\n\n\n<p>\u00c0 d&#8217;autres fins, vos donn\u00e9es personnelles peuvent \u00eatre trait\u00e9es sur la base&nbsp;:<\/p>\n\n\n\n<p>d&#8217;un consentement donn\u00e9 volontairement (article 6, paragraphe 1, lettre a) du RGPD).<\/p>\n\n\n\n<p>de la n\u00e9cessit\u00e9 \u00e0 d&#8217;autres fins d\u00e9coulant des int\u00e9r\u00eats l\u00e9gitimes poursuivis par Mag Graf Projekt dans la correspondance avec les clients (y compris la r\u00e9ponse aux messages ou aux demandes des clients).<\/p>\n\n\n\n<h4 class=\"wp-block-heading\">6. Dur\u00e9e de conservation des donn\u00e9es personnelles<\/h4>\n\n\n\n<ol start=\"6\" class=\"wp-block-list\"><\/ol>\n\n\n\n<p>Nous conservons vos donn\u00e9es aussi longtemps que n\u00e9cessaire pour atteindre les finalit\u00e9s pour lesquelles elles ont \u00e9t\u00e9 collect\u00e9es. Dans le cas d&#8217;activit\u00e9s marketing, jusqu&#8217;\u00e0 ce que vous vous y opposiez ou retiriez votre consentement. Pour d\u00e9terminer la dur\u00e9e de conservation appropri\u00e9e des donn\u00e9es personnelles, nous prenons en compte la quantit\u00e9 et la nature des donn\u00e9es trait\u00e9es, y compris la nature des cat\u00e9gories particuli\u00e8res de donn\u00e9es. Nous prenons \u00e9galement en compte le risque potentiel d&#8217;utilisation ou de divulgation non autoris\u00e9e de vos donn\u00e9es personnelles, la possibilit\u00e9 d&#8217;atteindre les finalit\u00e9s du traitement par d&#8217;autres moyens et le contenu de la r\u00e9glementation relative aux donn\u00e9es personnelles trait\u00e9es. Les donn\u00e9es personnelles li\u00e9es aux cookies sont conserv\u00e9es pendant une dur\u00e9e correspondant \u00e0 la dur\u00e9e de vie des cookies ou jusqu&#8217;\u00e0 leur suppression.<\/p>\n\n\n\n<h4 class=\"wp-block-heading\">7. Vos droits<\/h4>\n\n\n\n<p>Concernant le traitement de vos donn\u00e9es personnelles, le RGPD accorde les droits suivants aux personnes dont les donn\u00e9es personnelles sont trait\u00e9es. Vous pouvez exercer chacun des droits mentionn\u00e9s ci-dessous en nous contactant \u00e0 l&#8217;adresse <a href=\"mailto:odo@mag-graf-projekt.pl\">odo@mag-graf-projekt.pl<\/a>.<\/p>\n\n\n\n<ol start=\"7\" class=\"wp-block-list\"><\/ol>\n\n\n\n<p>a) Droit d&#8217;acc\u00e8s aux donn\u00e9es personnelles&nbsp;: ce droit vous permet de savoir si nous traitons des donn\u00e9es personnelles vous concernant et, le cas \u00e9ch\u00e9ant, d&#8217;en recevoir une copie. Ce droit d&#8217;acc\u00e8s aux donn\u00e9es personnelles vous permet de v\u00e9rifier la l\u00e9galit\u00e9 de leur traitement.<\/p>\n\n\n\n<p>b) Droit de rectification des donn\u00e9es personnelles&nbsp;: ce droit vous permet de demander la correction des donn\u00e9es incompl\u00e8tes, inexactes ou obsol\u00e8tes que nous traitons. Dans certains cas, pour r\u00e9pondre \u00e0 votre demande, nous devrons v\u00e9rifier l&#8217;exactitude des nouvelles donn\u00e9es que vous nous fournissez.<\/p>\n\n\n\n<p>c) Droit \u00e0 la limitation du traitement des donn\u00e9es personnelles&nbsp;: ce droit vous permet de demander la suspension du traitement de vos donn\u00e9es personnelles dans les cas suivants&nbsp;: (i) lorsque vous souhaitez que nous v\u00e9rifiions l&#8217;exactitude des donn\u00e9es&nbsp;; (ii) lorsque notre traitement est illicite&nbsp;; (iii) lorsque vous vous \u00eates oppos\u00e9 \u00e0 notre traitement, mais que nous devons v\u00e9rifier si nous disposons toujours de motifs l\u00e9gitimes imp\u00e9rieux pour poursuivre le traitement de vos donn\u00e9es personnelles.<\/p>\n\n\n\n<p>d) le droit \u00e0 l&#8217;effacement des donn\u00e9es personnelles&nbsp;: ce droit vous permet de demander la suppression de vos donn\u00e9es personnelles si elles ne sont plus n\u00e9cessaires aux finalit\u00e9s pour lesquelles elles ont \u00e9t\u00e9 collect\u00e9es. Vous pouvez \u00e9galement demander la suppression de vos donn\u00e9es personnelles si vous avez effectivement exerc\u00e9 votre droit d&#8217;opposition au traitement (voir ci-dessous), si nous traitons vos donn\u00e9es ill\u00e9galement ou si nous sommes tenus de les effacer pour respecter une obligation l\u00e9gale pr\u00e9vue par la l\u00e9gislation applicable. Veuillez noter que dans certains cas, nous sommes tenus de traiter vos donn\u00e9es en vertu de la l\u00e9gislation applicable et ne pouvons pas acc\u00e9der \u00e0 votre demande, par exemple si la loi, y compris la l\u00e9gislation fiscale, nous y oblige.<\/p>\n\n\n\n<p>e) le droit de vous opposer au traitement de vos donn\u00e9es lorsque nous les traitons sur la base d&#8217;un int\u00e9r\u00eat l\u00e9gitime (le n\u00f4tre ou celui de tiers)&nbsp;: vous pouvez exercer ce droit pour des raisons li\u00e9es \u00e0 une situation particuli\u00e8re, lorsque vous estimez que le traitement porte atteinte \u00e0 vos droits ou libert\u00e9s. Vous disposez \u00e9galement d&#8217;un droit d&#8217;opposition si nous traitons vos donn\u00e9es \u00e0 des fins de marketing direct. Dans certains cas, nous pouvons d\u00e9montrer que nous avons des motifs l\u00e9gitimes pour traiter vos donn\u00e9es qui pr\u00e9valent sur vos droits et libert\u00e9s (par exemple, la n\u00e9cessit\u00e9 d&#8217;assurer la s\u00e9curit\u00e9 du site web et de pr\u00e9venir la fraude). Dans ce cas, le droit d&#8217;opposition n&#8217;est pas cumulable avec la suppression de vos donn\u00e9es personnelles.<\/p>\n\n\n\n<p>f) Droit \u00e0 la portabilit\u00e9 des donn\u00e9es&nbsp;: en exer\u00e7ant ce droit, nous vous fournirons, \u00e0 vous ou \u00e0 un tiers d\u00e9sign\u00e9 par vous, vos donn\u00e9es personnelles dans un format structur\u00e9, couramment utilis\u00e9 et lisible par machine. Ce droit s&#8217;applique uniquement aux donn\u00e9es trait\u00e9es sur la base du consentement ou de l&#8217;ex\u00e9cution d&#8217;un contrat conclu avec nous, et le traitement lui-m\u00eame est effectu\u00e9 par des moyens automatis\u00e9s (dans des syst\u00e8mes informatiques).<\/p>\n\n\n\n<p>Si vous nous avez donn\u00e9 votre consentement au traitement de vos donn\u00e9es personnelles, vous avez le droit de le retirer \u00e0 tout moment. Le retrait du consentement n&#8217;affecte pas la lic\u00e9it\u00e9 du traitement fond\u00e9 sur le consentement avant son retrait. Vous pouvez retirer votre consentement en envoyant une demande \u00e0 notre adresse e-mail ou en cliquant sur le lien figurant dans tout e-mail envoy\u00e9 suite \u00e0 votre consentement pr\u00e9alable (par exemple, newsletters, communications commerciales).<\/p>\n\n\n\n<p>L&#8217;exercice de vos droits est g\u00e9n\u00e9ralement gratuit&nbsp;: aucun frais n&#8217;est exig\u00e9 pour exercer votre droit d&#8217;acc\u00e8s \u00e0 vos donn\u00e9es personnelles (ou tout autre droit). Toutefois, nous pouvons facturer des frais raisonnables si votre demande est manifestement infond\u00e9e ou excessive, notamment en raison de son caract\u00e8re r\u00e9p\u00e9titif. Dans ce cas, nous pouvons \u00e9galement refuser de donner suite \u00e0 votre demande.<\/p>\n\n\n\n<p>Nous nous effor\u00e7ons de r\u00e9pondre \u00e0 toutes les demandes l\u00e9gitimes dans un d\u00e9lai d&#8217;un mois. Si votre demande est particuli\u00e8rement complexe ou si plusieurs demandes ont \u00e9t\u00e9 soumises, leur traitement peut prendre plus d&#8217;un mois. Dans ce cas, nous vous informerons de toute prolongation de ce d\u00e9lai et vous tiendrons inform\u00e9s en permanence du traitement de votre demande.<\/p>\n\n\n\n<p>Vous avez \u00e9galement le droit de d\u00e9poser une plainte aupr\u00e8s de l&#8217;autorit\u00e9 de contr\u00f4le comp\u00e9tente \u00e0 tout moment. Nous vous serions reconnaissants de bien vouloir, avant de d\u00e9poser une plainte aupr\u00e8s de l&#8217;autorit\u00e9 de contr\u00f4le, nous donner l&#8217;occasion de r\u00e9pondre \u00e0 vos pr\u00e9occupations et de r\u00e9pondre \u00e0 vos pr\u00e9occupations concernant nos actions. Pour cela, veuillez nous contacter par e-mail.<\/p>\n\n\n\n<h4 class=\"wp-block-heading\">8. Cookies<\/h4>\n\n\n\n<p>Les cookies sont des donn\u00e9es informatiques, notamment des fichiers texte, stock\u00e9es sur les appareils des utilisateurs et destin\u00e9es \u00e0 \u00eatre utilis\u00e9es avec des sites web. Ces fichiers permettent de reconna\u00eetre l&#8217;appareil de l&#8217;utilisateur et d&#8217;afficher la page de mani\u00e8re appropri\u00e9e, en fonction de ses pr\u00e9f\u00e9rences. Les cookies contiennent g\u00e9n\u00e9ralement le nom du site web d&#8217;origine, la dur\u00e9e de leur stockage sur l&#8217;appareil et un num\u00e9ro unique.<\/p>\n\n\n\n<ol class=\"wp-block-list\">\n<li>Les cookies sont utilis\u00e9s pour adapter le contenu des sites web aux pr\u00e9f\u00e9rences de l&#8217;utilisateur et optimiser son utilisation. Ils servent \u00e9galement \u00e0 cr\u00e9er des statistiques anonymes et agr\u00e9g\u00e9es qui nous aident \u00e0 comprendre comment les utilisateurs utilisent les sites web, ce qui nous permet d&#8217;am\u00e9liorer leur structure et leur contenu, \u00e0 l&#8217;exclusion de l&#8217;identification personnelle de l&#8217;utilisateur.<\/li>\n\n\n\n<li>Nous vous informons que nous stockons des cookies sur l&#8217;appareil de l&#8217;utilisateur et que nous acc\u00e9dons ensuite aux informations qu&#8217;ils contiennent \u00e0 des fins statistiques, \u00e0 des fins de marketing (remarketing) et pour assurer le bon fonctionnement du site web. Nous vous informons \u00e9galement qu&#8217;il peut \u00eatre n\u00e9cessaire ou l\u00e9gitime d&#8217;utiliser d&#8217;autres types de cookies que ceux mentionn\u00e9s ci-dessus. 3. Les donn\u00e9es personnelles collect\u00e9es \u00e0 l&#8217;aide de cookies ne peuvent \u00eatre collect\u00e9es que pour ex\u00e9cuter des fonctions sp\u00e9cifiques pour l&#8217;utilisateur.<\/li>\n\n\n\n<li>Les navigateurs web autorisent par d\u00e9faut l&#8217;installation de cookies sur l&#8217;appareil.<\/li>\n\n\n\n<li>Ces param\u00e8tres peuvent \u00eatre modifi\u00e9s pour bloquer la gestion automatique des cookies dans les param\u00e8tres du navigateur web ou pour avertir l&#8217;utilisateur chaque fois qu&#8217;ils sont envoy\u00e9s sur l&#8217;appareil.<\/li>\n\n\n\n<li>Des informations sur les possibilit\u00e9s et les m\u00e9thodes de gestion des cookies sont disponibles dans les param\u00e8tres du navigateur web utilis\u00e9 par l&#8217;utilisateur.<\/li>\n\n\n\n<li>La restriction de l&#8217;utilisation des cookies peut affecter certaines fonctionnalit\u00e9s du site web.<\/li>\n\n\n\n<li>Traitement automatis\u00e9 des donn\u00e9es personnelles<br>Les donn\u00e9es que nous collectons dans le cadre de l&#8217;utilisation de nos services peuvent \u00eatre trait\u00e9es de mani\u00e8re automatis\u00e9e (y compris par profilage). Cela n&#8217;entra\u00eenera aucune cons\u00e9quence juridique pour la personne concern\u00e9e ni n&#8217;affectera sa situation. Nous attachons une importance particuli\u00e8re \u00e0 la question du profilage potentiel et soulignons que.<\/li>\n<\/ol>\n\n\n\n<h4 class=\"wp-block-heading\">9. Traitement automatis\u00e9 des donn\u00e9es personnelles<\/h4>\n\n\n\n<ol start=\"9\" class=\"wp-block-list\"><\/ol>\n\n\n\n<p>Les donn\u00e9es que nous collectons dans le cadre de l&#8217;utilisation de nos services peuvent \u00eatre trait\u00e9es par des moyens automatis\u00e9s (y compris le profilage). Cela n&#8217;aura aucune cons\u00e9quence juridique pour la personne concern\u00e9e ni n&#8217;affectera sa situation. Nous attachons une importance particuli\u00e8re \u00e0 la question du profilage potentiel et soulignons que&nbsp;:<\/p>\n\n\n\n<p>\u00c0 des fins de profilage potentiel, nous ne traitons aucune donn\u00e9e sensible.<\/p>\n\n\n\n<p>\u00c0 des fins de profilage potentiel, nous utilisons des donn\u00e9es courantes&nbsp;:<\/p>\n\n\n\n<p>adresse e-mail, num\u00e9ro IP ou cookies.<\/p>\n\n\n\n<p>Le profilage peut viser \u00e0 analyser les pr\u00e9f\u00e9rences ou les int\u00e9r\u00eats des utilisateurs de nos services et\/ou \u00e0 adapter le contenu de nos services aux pr\u00e9f\u00e9rences individuelles.<\/p>\n\n\n\n<p>Le profilage peut \u00eatre effectu\u00e9 \u00e0 des fins marketing,<\/p>\n\n\n\n<p>afin d&#8217;adapter les offres marketing aux pr\u00e9f\u00e9rences.<\/p>\n\n\n\n<h4 class=\"wp-block-heading\">10. Modifications de la Politique de confidentialit\u00e9<\/h4>\n\n\n\n<ol start=\"10\" class=\"wp-block-list\"><\/ol>\n\n\n\n<p>Nous nous r\u00e9servons le droit de modifier notre Politique en cas de modification de la r\u00e9glementation, des directives des autorit\u00e9s charg\u00e9es de la protection des donn\u00e9es personnelles ou des technologies utilis\u00e9es pour traiter les donn\u00e9es personnelles, ainsi qu&#8217;en cas de modification des m\u00e9thodes, des finalit\u00e9s ou du fondement juridique du traitement des donn\u00e9es personnelles. En cas de modifications importantes, nous pourrons vous adresser une notification s\u00e9par\u00e9e.<\/p>\n\n\n\n<h4 class=\"wp-block-heading\">11. Questions ou pr\u00e9occupations<\/h4>\n\n\n\n<ol start=\"11\" class=\"wp-block-list\"><\/ol>\n\n\n\n<p>Pour toute question concernant le traitement de vos donn\u00e9es personnelles, veuillez nous contacter par e-mail \u00e0 l&#8217;adresse\u00a0: <a href=\"mailto:odo@mag-graf-projekt.pl\">odo@mag-graf-projekt.pl<\/a><\/p>\n","protected":false},"excerpt":{"rendered":"<p>Mag Graf Projekt respecte votre droit \u00e0 la vie priv\u00e9e et applique les meilleures pratiques conform\u00e9ment aux lois et r\u00e9glementations applicables en mati\u00e8re de confidentialit\u00e9, notamment le R\u00e8glement (UE) 2016\/679 du Parlement europ\u00e9en et du Conseil du 27 avril 2016 relatif \u00e0 la protection des personnes physiques \u00e0 l&#8217;\u00e9gard du traitement des donn\u00e9es \u00e0 caract\u00e8re [&hellip;]<\/p>\n","protected":false},"author":1,"featured_media":0,"parent":0,"menu_order":100,"comment_status":"closed","ping_status":"closed","template":"page-templates\/simple.php","meta":{"_acf_changed":false,"footnotes":""},"class_list":["post-425","page","type-page","status-publish","hentry","entry"],"acf":[],"_links":{"self":[{"href":"https:\/\/dev.merlo.studio\/mg-live\/wp-json\/wp\/v2\/pages\/425","targetHints":{"allow":["GET"]}}],"collection":[{"href":"https:\/\/dev.merlo.studio\/mg-live\/wp-json\/wp\/v2\/pages"}],"about":[{"href":"https:\/\/dev.merlo.studio\/mg-live\/wp-json\/wp\/v2\/types\/page"}],"author":[{"embeddable":true,"href":"https:\/\/dev.merlo.studio\/mg-live\/wp-json\/wp\/v2\/users\/1"}],"replies":[{"embeddable":true,"href":"https:\/\/dev.merlo.studio\/mg-live\/wp-json\/wp\/v2\/comments?post=425"}],"version-history":[{"count":3,"href":"https:\/\/dev.merlo.studio\/mg-live\/wp-json\/wp\/v2\/pages\/425\/revisions"}],"predecessor-version":[{"id":580,"href":"https:\/\/dev.merlo.studio\/mg-live\/wp-json\/wp\/v2\/pages\/425\/revisions\/580"}],"wp:attachment":[{"href":"https:\/\/dev.merlo.studio\/mg-live\/wp-json\/wp\/v2\/media?parent=425"}],"curies":[{"name":"wp","href":"https:\/\/api.w.org\/{rel}","templated":true}]}}