{"id":427,"date":"2025-08-19T16:04:35","date_gmt":"2025-08-19T14:04:35","guid":{"rendered":"https:\/\/dev.merlo.studio\/mg-live\/?page_id=427"},"modified":"2025-08-20T17:56:46","modified_gmt":"2025-08-20T15:56:46","slug":"clause-dinformation","status":"publish","type":"page","link":"https:\/\/dev.merlo.studio\/mg-live\/fr\/clause-dinformation\/","title":{"rendered":"Clause d&#8217;information"},"content":{"rendered":"\n<p><strong>Clause d&#8217;information sur la vid\u00e9osurveillance<br>Projet Mag-Graf Robert Sommerfeld<br>ul. Pozna\u0144ska 57, Mrowino<br>62-090 Rokietnica<\/strong><\/p>\n\n\n\n<p>Conform\u00e9ment au r\u00e8glement (UE) 2016\/679 du Parlement europ\u00e9en et du Conseil du 27 avril 2016 relatif \u00e0 la protection des personnes physiques \u00e0 l&#8217;\u00e9gard du traitement des donn\u00e9es \u00e0 caract\u00e8re personnel et \u00e0 la libre circulation de ces donn\u00e9es, et abrogeant la directive 95\/46\/CE (ci-apr\u00e8s d\u00e9nomm\u00e9 le RGPD), nous vous informons par la pr\u00e9sente que :<\/p>\n\n\n\n<ol class=\"wp-block-list\">\n<li>Le responsable du traitement de vos donn\u00e9es personnelles est\u00a0: Robert Sommerfeld, exer\u00e7ant son activit\u00e9 sous le nom de Mag-Graf Projekt Robert Sommerfeld, ul. Pozna\u0144ska 57, Mrowino 62-090 Rokietnica.<\/li>\n\n\n\n<li>Les donn\u00e9es personnelles collect\u00e9es \u00e0 l&#8217;aide du syst\u00e8me de vid\u00e9osurveillance sont collect\u00e9es afin de limiter les comportements r\u00e9pr\u00e9hensibles et autres comportements ind\u00e9sirables mena\u00e7ant la s\u00e9curit\u00e9 des utilisateurs des installations, des employ\u00e9s, des collaborateurs, des fournisseurs et des clients, de limiter les comportements mena\u00e7ant les biens de l&#8217;entreprise, d&#8217;identifier les auteurs d&#8217;actes r\u00e9pr\u00e9hensibles, de contribuer aux enqu\u00eates sur les conflits survenant dans la zone surveill\u00e9e et de restreindre l&#8217;acc\u00e8s aux locaux de l&#8217;entreprise aux personnes non autoris\u00e9es et ind\u00e9sirables. La base juridique du traitement des donn\u00e9es personnelles est l&#8217;int\u00e9r\u00eat l\u00e9gitime du responsable du traitement.<\/li>\n\n\n\n<li>Les donn\u00e9es personnelles (images) ne sont pas transmises \u00e0 des tiers\u00a0; elles peuvent toutefois \u00eatre mises \u00e0 la disposition des autorit\u00e9s autoris\u00e9es \u00e0 les traiter en vertu de dispositions l\u00e9gales distinctes, telles que la police, le parquet et les tribunaux. Les entit\u00e9s responsables de l&#8217;exploitation et de la maintenance du syst\u00e8me de vid\u00e9osurveillance peuvent \u00e9galement avoir acc\u00e8s aux enregistrements de vid\u00e9osurveillance. Les donn\u00e9es personnelles seront conserv\u00e9es pendant une p\u00e9riode de 10 jours, sous r\u00e9serve du point 5 ci-dessous.<\/li>\n\n\n\n<li>Si les images de vid\u00e9osurveillance constituent des preuves dans une proc\u00e9dure judiciaire ou si le responsable du traitement des donn\u00e9es prend connaissance de leur potentiel, le d\u00e9lai pr\u00e9vu au point 4 est prolong\u00e9 jusqu&#8217;\u00e0 la cl\u00f4ture d\u00e9finitive de la proc\u00e9dure.<\/li>\n\n\n\n<li>Vous avez le droit de demander l&#8217;acc\u00e8s \u00e0 vos donn\u00e9es personnelles aupr\u00e8s du responsable du traitement, leur effacement ou la limitation de leur traitement.<\/li>\n\n\n\n<li>Si vous estimez que le traitement de vos donn\u00e9es personnelles enfreint les dispositions du RGPD, vous avez le droit de d\u00e9poser une plainte aupr\u00e8s de l&#8217;autorit\u00e9 de contr\u00f4le, \u00e0 savoir le pr\u00e9sident de l&#8217;Office de protection des donn\u00e9es personnelles.<\/li>\n\n\n\n<li>Vos donn\u00e9es personnelles seront trait\u00e9es automatiquement (enregistrements vid\u00e9o par cam\u00e9ra).<\/li>\n\n\n\n<li>Vos donn\u00e9es personnelles ne feront pas l&#8217;objet d&#8217;un profilage.<\/li>\n<\/ol>\n","protected":false},"excerpt":{"rendered":"<p>Clause d&#8217;information sur la vid\u00e9osurveillanceProjet Mag-Graf Robert Sommerfeldul. Pozna\u0144ska 57, Mrowino62-090 Rokietnica Conform\u00e9ment au r\u00e8glement (UE) 2016\/679 du Parlement europ\u00e9en et du Conseil du 27 avril 2016 relatif \u00e0 la protection des personnes physiques \u00e0 l&#8217;\u00e9gard du traitement des donn\u00e9es \u00e0 caract\u00e8re personnel et \u00e0 la libre circulation de ces donn\u00e9es, et abrogeant la directive [&hellip;]<\/p>\n","protected":false},"author":1,"featured_media":0,"parent":0,"menu_order":100,"comment_status":"closed","ping_status":"closed","template":"page-templates\/simple.php","meta":{"_acf_changed":false,"footnotes":""},"class_list":["post-427","page","type-page","status-publish","hentry","entry"],"acf":[],"_links":{"self":[{"href":"https:\/\/dev.merlo.studio\/mg-live\/wp-json\/wp\/v2\/pages\/427","targetHints":{"allow":["GET"]}}],"collection":[{"href":"https:\/\/dev.merlo.studio\/mg-live\/wp-json\/wp\/v2\/pages"}],"about":[{"href":"https:\/\/dev.merlo.studio\/mg-live\/wp-json\/wp\/v2\/types\/page"}],"author":[{"embeddable":true,"href":"https:\/\/dev.merlo.studio\/mg-live\/wp-json\/wp\/v2\/users\/1"}],"replies":[{"embeddable":true,"href":"https:\/\/dev.merlo.studio\/mg-live\/wp-json\/wp\/v2\/comments?post=427"}],"version-history":[{"count":2,"href":"https:\/\/dev.merlo.studio\/mg-live\/wp-json\/wp\/v2\/pages\/427\/revisions"}],"predecessor-version":[{"id":586,"href":"https:\/\/dev.merlo.studio\/mg-live\/wp-json\/wp\/v2\/pages\/427\/revisions\/586"}],"wp:attachment":[{"href":"https:\/\/dev.merlo.studio\/mg-live\/wp-json\/wp\/v2\/media?parent=427"}],"curies":[{"name":"wp","href":"https:\/\/api.w.org\/{rel}","templated":true}]}}