{"id":429,"date":"2025-08-19T16:05:18","date_gmt":"2025-08-19T14:05:18","guid":{"rendered":"https:\/\/dev.merlo.studio\/mg-live\/?page_id=429"},"modified":"2025-08-20T17:52:34","modified_gmt":"2025-08-20T15:52:34","slug":"datenschutzbestimmungen","status":"publish","type":"page","link":"https:\/\/dev.merlo.studio\/mg-live\/de\/datenschutzbestimmungen\/","title":{"rendered":"Datenschutzbestimmungen"},"content":{"rendered":"\n<p>Mag Graf Projekt respektiert Ihr Recht auf Privatsph\u00e4re und wendet bew\u00e4hrte Verfahren gem\u00e4\u00df den geltenden Datenschutzgesetzen und -vorschriften an, einschlie\u00dflich der Verordnung (EU) 2016\/679 des Europ\u00e4ischen Parlaments und des Rates vom 27. April 2016 zum Schutz nat\u00fcrlicher Personen bei der Verarbeitung personenbezogener Daten, zum freien Datenverkehr und zur Aufhebung der Richtlinie 95\/46\/EG (Datenschutz-Grundverordnung) (\u201eDSGVO\u201c).<\/p>\n\n\n\n<p>Diese Datenschutzerkl\u00e4rung beschreibt, wie und warum wir Ihre personenbezogenen Daten erheben, was wir damit tun, wie wir sie sch\u00fctzen und welche Wahlm\u00f6glichkeiten Sie in Bezug auf Ihre personenbezogenen Daten haben.<\/p>\n\n\n\n<h4 class=\"wp-block-heading\">1. Welche Daten erheben wir?<\/h4>\n\n\n\n<ol class=\"wp-block-list\"><\/ol>\n\n\n\n<p>Mag Graf Projekt erhebt nur die Daten \u00fcber Sie, die auf der offiziellen Website oder Visitenkarte des Unternehmens zu finden sind: Vorname, Nachname, Berufsbezeichnung, Name des Arbeitgebers, Firmenname, Arbeitsadresse, Arbeits-E-Mail-Adresse und Arbeitstelefonnummer.<\/p>\n\n\n\n<h4 class=\"wp-block-heading\">1.1. Wie d\u00fcrfen wir Ihre personenbezogenen Daten erheben?<\/h4>\n\n\n\n<p>Ihre von uns verarbeiteten personenbezogenen Daten k\u00f6nnen aus folgenden Quellen stammen:<br>a) direkt von Ihnen \u2013 wenn Sie uns per E-Mail, Telefon oder auf anderem Wege, z. B. \u00fcber ein Kontaktformular, kontaktieren;<br>b) automatische Datenerhebung \u2013 wenn Sie unsere Website besuchen, k\u00f6nnen folgende Daten erhoben werden: Ger\u00e4tedaten, Standortinformationen, Website-Aktivit\u00e4tsdaten, Cookies;<br>c) Dritte \u2013 wir schlie\u00dfen nicht aus, dass Ihre personenbezogenen Daten von Dritten, z. B. per E-Mail, an uns \u00fcbermittelt werden;<br>d) \u00f6ffentliche Quellen \u2013 z. B. das Zentralregister und die Informationen zur Gesch\u00e4ftst\u00e4tigkeit, Daten von Analysedienstleistern. <\/p>\n\n\n\n<h4 class=\"wp-block-heading\">2. Sicherheit personenbezogener Daten<\/h4>\n\n\n\n<p>Mag Graf Projekt trifft unter Ber\u00fccksichtigung des Stands der Technik, der Implementierungskosten, der Art, des Umfangs, des Kontexts und der Zwecke der Verarbeitung sowie des Risikos einer Verletzung der Rechte und Freiheiten nat\u00fcrlicher Personen geeignete technische und organisatorische Ma\u00dfnahmen, um den Schutz der verarbeiteten personenbezogenen Daten entsprechend den Bedrohungen und Kategorien der zu sch\u00fctzenden Daten zu gew\u00e4hrleisten. Insbesondere sch\u00fctzt es Daten vor unbefugter Offenlegung, unbefugter L\u00f6schung, gesetzeswidriger Verarbeitung sowie Ver\u00e4nderung, Verlust, Besch\u00e4digung oder Zerst\u00f6rung.<\/p>\n\n\n\n<p>Wir aktualisieren und testen unsere Sicherheitsma\u00dfnahmen kontinuierlich und beschr\u00e4nken den Zugriff auf personenbezogene Daten auf diejenigen, die diese zur Bereitstellung der von unserem Unternehmen angebotenen Inhalte oder Dienste ben\u00f6tigen. Die von uns \u00fcber Sie erhobenen Informationen, einschlie\u00dflich personenbezogener Daten, werden auf entsprechend gesicherten Servern gespeichert. Trotz unserer Datenschutzma\u00dfnahmen kann die Weitergabe von Informationen \u00fcber das Internet oder \u00f6ffentlich zug\u00e4ngliche Netzwerke nie als absolut sicher angesehen werden, und es besteht das Risiko, dass unbefugte Dritte Zugriff auf Ihre personenbezogenen Daten erhalten.<\/p>\n\n\n\n<h4 class=\"wp-block-heading\">3. Speicherung personenbezogener Daten<\/h4>\n\n\n\n<ol start=\"3\" class=\"wp-block-list\"><\/ol>\n\n\n\n<p>Wir speichern Ihre personenbezogenen Daten in unserer eigenen IT-Infrastruktur und nutzen die Dienste von Hosting-Anbietern mit Sitz in der EU.<\/p>\n\n\n\n<p>Wir geben Ihre Daten nicht an Dritte oder Stellen weiter, k\u00f6nnen sie jedoch an Strafverfolgungsbeh\u00f6rden, Aufsichtsbeh\u00f6rden, Beh\u00f6rden, Stellen, die \u00f6ffentliche Aufgaben erf\u00fcllen oder im Auftrag von Beh\u00f6rden handeln, und andere Dritte weitergeben. Diese Daten werden im Rahmen der Erf\u00fcllung gesetzlicher Verpflichtungen weitergegeben.<\/p>\n\n\n\n<h4 class=\"wp-block-heading\">4. Umgang mit Ihren personenbezogenen Daten<\/h4>\n\n\n\n<ol start=\"4\" class=\"wp-block-list\"><\/ol>\n\n\n\n<p>Wir nutzen die erhobenen personenbezogenen Daten, um mit Ihnen zu kommunizieren, unsere Dienstleistungen zu verbessern oder Ihnen Angebote zu unterbreiten, die f\u00fcr Sie von Interesse sein k\u00f6nnten. Wir k\u00f6nnen Sie auch kontaktieren, um Ihnen zus\u00e4tzliche Produkte oder Dienstleistungen unserer Partner anzubieten.<\/p>\n\n\n\n<h4 class=\"wp-block-heading\">5. Rechtsgrundlage f\u00fcr die Verarbeitung Ihrer personenbezogenen Daten<\/h4>\n\n\n\n<ol start=\"5\" class=\"wp-block-list\"><\/ol>\n\n\n\n<p>Bei der Datenverarbeitung zu Marketingzwecken ist die Erf\u00fcllung der Zwecke, die sich aus den berechtigten Interessen von Mag Graf Projekt ergeben (Art. 6 Abs. 1 lit. f DSGVO), Grundlage f\u00fcr die Verarbeitung.<\/p>\n\n\n\n<p>F\u00fcr andere Zwecke k\u00f6nnen Ihre personenbezogenen Daten verarbeitet werden, basierend auf:<\/p>\n\n\n\n<p>freiwillig erteilter Einwilligung (Art. 6 Abs. 1 lit. a DSGVO).<\/p>\n\n\n\n<p>Erforderlichkeit f\u00fcr andere Zwecke, die sich aus den berechtigten Interessen von Mag Graf Projekt im Rahmen der Korrespondenz mit Kunden ergeben (einschlie\u00dflich der Beantwortung von Kundennachrichten oder -anfragen).<\/p>\n\n\n\n<h4 class=\"wp-block-heading\">6. Aufbewahrungsfrist f\u00fcr personenbezogene Daten<\/h4>\n\n\n\n<ol start=\"6\" class=\"wp-block-list\"><\/ol>\n\n\n\n<p>Wir speichern Ihre Daten so lange, wie es f\u00fcr die Zwecke, f\u00fcr die sie erhoben wurden, erforderlich ist. Bei Marketingaktivit\u00e4ten bis zu Ihrem Widerspruch oder Widerruf Ihrer Einwilligung. Bei der Bestimmung der angemessenen Aufbewahrungsfrist f\u00fcr personenbezogene Daten ber\u00fccksichtigen wir Menge und Art der verarbeiteten Daten, einschlie\u00dflich der Art besonderer Datenkategorien. Wir ber\u00fccksichtigen au\u00dferdem das potenzielle Risiko einer unbefugten Nutzung oder Offenlegung Ihrer personenbezogenen Daten, die M\u00f6glichkeit, die Verarbeitungszwecke auf andere Weise zu erreichen, und den Inhalt der Vorschriften zu den verarbeiteten personenbezogenen Daten. Personenbezogene Daten im Zusammenhang mit der Cookie-Technologie werden f\u00fcr einen Zeitraum gespeichert, der dem Lebenszyklus der Cookies entspricht oder bis Sie diese l\u00f6schen.<\/p>\n\n\n\n<h4 class=\"wp-block-heading\">7. Ihre Rechte<\/h4>\n\n\n\n<ol start=\"7\" class=\"wp-block-list\"><\/ol>\n\n\n\n<p>Die DSGVO gew\u00e4hrt den betroffenen Personen im Zusammenhang mit der Verarbeitung Ihrer personenbezogenen Daten folgende Rechte. Sie k\u00f6nnen jedes der unten genannten Rechte aus\u00fcben, indem Sie uns unter <a href=\"mailto:odo@mag-graf-projekt.pl\">odo@mag-graf-projekt.pl<\/a> kontaktieren:<\/p>\n\n\n\n<p>a) Auskunftsrecht \u2013 Mit diesem Recht k\u00f6nnen Sie Auskunft dar\u00fcber erhalten, ob wir personenbezogene Daten \u00fcber Sie verarbeiten, und, falls ja, eine Kopie dieser Daten erhalten. Mit dem Auskunftsrecht k\u00f6nnen Sie \u00fcberpr\u00fcfen, ob wir Ihre Daten rechtm\u00e4\u00dfig verarbeiten.<\/p>\n\n\n\n<p>b) Berichtigungsrecht \u2013 Mit diesem Recht k\u00f6nnen Sie die Berichtigung unvollst\u00e4ndiger, unrichtiger oder veralteter Daten verlangen. In einigen F\u00e4llen m\u00fcssen wir zur Bearbeitung Ihres Antrags die Richtigkeit der von Ihnen bereitgestellten Daten \u00fcberpr\u00fcfen.<\/p>\n\n\n\n<p>c) Einschr\u00e4nkung der Verarbeitung Ihrer personenbezogenen Daten \u2013 Mit diesem Recht k\u00f6nnen Sie die Aussetzung der Verarbeitung Ihrer personenbezogenen Daten in folgenden F\u00e4llen verlangen: (i) wenn Sie eine \u00dcberpr\u00fcfung der Richtigkeit der Daten w\u00fcnschen; (ii) wenn unsere Verarbeitung unrechtm\u00e4\u00dfig ist; (iii) wenn Sie unserer Verarbeitung widersprochen haben, wir aber pr\u00fcfen m\u00fcssen, ob wir weiterhin zwingende berechtigte Gr\u00fcnde f\u00fcr die weitere Verarbeitung Ihrer personenbezogenen Daten haben.<\/p>\n\n\n\n<p>d) das Recht auf L\u00f6schung personenbezogener Daten \u2013 dieses Recht erm\u00f6glicht es Ihnen, die L\u00f6schung Ihrer personenbezogenen Daten zu verlangen, wenn diese f\u00fcr die Zwecke, f\u00fcr die sie erhoben wurden, nicht mehr erforderlich sind. Sie k\u00f6nnen die L\u00f6schung Ihrer personenbezogenen Daten auch verlangen, wenn Sie Ihr Widerspruchsrecht gegen die Verarbeitung wirksam ausge\u00fcbt haben (siehe unten), wenn wir Ihre Daten unrechtm\u00e4\u00dfig verarbeiten oder wenn wir zur Erf\u00fcllung einer gesetzlichen Verpflichtung gem\u00e4\u00df geltendem Recht zur L\u00f6schung verpflichtet sind. Bitte beachten Sie, dass wir in einigen F\u00e4llen nach geltendem Recht zur Verarbeitung Ihrer Daten verpflichtet sind und Ihrem Wunsch nicht nachkommen k\u00f6nnen, beispielsweise wenn wir gesetzlich, einschlie\u00dflich steuerrechtlich, dazu verpflichtet sind.<\/p>\n\n\n\n<p>e) das Recht auf Widerspruch gegen die Verarbeitung Ihrer Daten, wenn wir diese aufgrund eines berechtigten Interesses (unseres oder eines Dritten) verarbeiten \u2013 Sie k\u00f6nnen dieses Recht aus Gr\u00fcnden aus\u00fcben, die sich auf eine besondere Situation beziehen, wenn Sie der Ansicht sind, dass die Verarbeitung Ihre Rechte oder Freiheiten beeintr\u00e4chtigt. Sie haben au\u00dferdem ein Widerspruchsrecht, wenn wir Ihre Daten f\u00fcr Direktmarketingzwecke verarbeiten. In einigen F\u00e4llen k\u00f6nnen wir nachweisen, dass wir berechtigte Gr\u00fcnde f\u00fcr die Verarbeitung Ihrer Daten haben, die Ihre Rechte und Freiheiten \u00fcberwiegen (z. B. die Notwendigkeit, die Sicherheit der Website zu gew\u00e4hrleisten und Betrug zu verhindern). In diesen F\u00e4llen ist das Widerspruchsrecht nicht mit der L\u00f6schung Ihrer personenbezogenen Daten verbunden.<\/p>\n\n\n\n<p>f) Recht auf Daten\u00fcbertragbarkeit \u2013 bei Aus\u00fcbung dieses Rechts stellen wir Ihnen oder einem von Ihnen benannten Dritten Ihre personenbezogenen Daten in einem strukturierten, g\u00e4ngigen und maschinenlesbaren Format zur Verf\u00fcgung. Dieses Recht gilt nur f\u00fcr Daten, die auf Grundlage Ihrer Einwilligung oder zur Erf\u00fcllung eines mit uns geschlossenen Vertrags verarbeitet werden und die Verarbeitung selbst automatisiert (in IT-Systemen) erfolgt.<\/p>\n\n\n\n<p>Wenn Sie uns eine Einwilligung zur Verarbeitung Ihrer personenbezogenen Daten erteilt haben, haben Sie das Recht, diese jederzeit zu widerrufen. Der Widerruf der Einwilligung ber\u00fchrt nicht die Rechtm\u00e4\u00dfigkeit der aufgrund der Einwilligung erfolgten Verarbeitung vor dem Widerruf. Sie k\u00f6nnen Ihre Einwilligung widerrufen, indem Sie eine entsprechende Anfrage an unsere E-Mail-Adresse senden oder auf den Link in einer E-Mail klicken, die wir aufgrund Ihrer vorherigen Einwilligung erhalten haben (z. B. Newsletter, Werbemitteilungen). Die Aus\u00fcbung Ihrer Rechte ist grunds\u00e4tzlich kostenlos. F\u00fcr die Aus\u00fcbung Ihres Rechts auf Auskunft \u00fcber Ihre personenbezogenen Daten (oder anderer Rechte) fallen keine Geb\u00fchren an. Wir k\u00f6nnen jedoch eine angemessene Geb\u00fchr erheben, wenn Ihr Antrag offensichtlich unbegr\u00fcndet oder unverh\u00e4ltnism\u00e4\u00dfig ist, insbesondere aufgrund wiederholter Anfragen. In solchen F\u00e4llen k\u00f6nnen wir Ihren Antrag auch ablehnen.<\/p>\n\n\n\n<p>Wir bem\u00fchen uns, alle berechtigten Anfragen innerhalb eines Monats zu beantworten. Bei besonders komplexen Anfragen oder mehreren Anfragen kann die Bearbeitung l\u00e4nger als einen Monat dauern. In diesem Fall informieren wir Sie \u00fcber eine Fristverl\u00e4ngerung und informieren Sie laufend \u00fcber den Stand der Bearbeitung.<\/p>\n\n\n\n<p>Sie haben au\u00dferdem jederzeit das Recht, Beschwerde bei der zust\u00e4ndigen Aufsichtsbeh\u00f6rde einzulegen. Wir w\u00e4ren Ihnen dankbar, wenn Sie uns vor Einreichung einer Beschwerde bei der Aufsichtsbeh\u00f6rde die M\u00f6glichkeit geben w\u00fcrden, Ihr Anliegen und Ihre Bedenken hinsichtlich unseres Vorgehens zu kl\u00e4ren. Bitte kontaktieren Sie uns daher per E-Mail.<\/p>\n\n\n\n<h4 class=\"wp-block-heading\">8. Cookies<\/h4>\n\n\n\n<ol start=\"8\" class=\"wp-block-list\"><\/ol>\n\n\n\n<p>Cookies sind Computerdateien, insbesondere Textdateien, die auf dem Endger\u00e4t des Nutzers gespeichert werden und f\u00fcr die Nutzung von Websites bestimmt sind. Diese Dateien erm\u00f6glichen die Erkennung des Endger\u00e4ts des Nutzers und die Anzeige der Seite entsprechend seinen individuellen Pr\u00e4ferenzen. Cookies enthalten in der Regel den Namen der Website, von der sie stammen, die Dauer ihrer Speicherung auf dem Endger\u00e4t und eine eindeutige Nummer.<\/p>\n\n\n\n<ol class=\"wp-block-list\">\n<li>Cookies dienen dazu, Website-Inhalte an die Pr\u00e4ferenzen des Nutzers anzupassen und die Nutzung der Website zu optimieren. Sie werden auch verwendet, um anonyme, aggregierte Statistiken zu erstellen, die uns helfen zu verstehen, wie Nutzer Websites nutzen, wodurch wir deren Struktur und Inhalt verbessern k\u00f6nnen, ohne dass eine pers\u00f6nliche Nutzeridentifizierung erfolgt.<\/li>\n\n\n\n<li>Wir weisen Sie darauf hin, dass wir Cookies auf dem Endger\u00e4t des Nutzers speichern und die darin enthaltenen Informationen zu statistischen Zwecken, zu Marketingzwecken (Remarketing) und zur Sicherstellung des ordnungsgem\u00e4\u00dfen Betriebs der Website abrufen. Wir weisen Sie au\u00dferdem darauf hin, dass die Verwendung anderer als der oben genannten Cookie-Arten erforderlich oder ein berechtigtes Interesse daran bestehen kann. 3. Personenbezogene Daten, die mithilfe von Cookies erhoben werden, d\u00fcrfen nur zur Ausf\u00fchrung bestimmter Funktionen f\u00fcr den Nutzer erhoben werden.<\/li>\n\n\n\n<li>Webbrowser erlauben standardm\u00e4\u00dfig das Setzen von Cookies auf dem Endger\u00e4t.<\/li>\n\n\n\n<li>Diese Einstellungen k\u00f6nnen ge\u00e4ndert werden, um die automatische Verarbeitung von Cookies in den Webbrowser-Einstellungen zu blockieren oder den Benutzer jedes Mal zu benachrichtigen, wenn Cookies an das Ger\u00e4t gesendet werden.<\/li>\n\n\n\n<li>Informationen zu den M\u00f6glichkeiten und Methoden des Umgangs mit Cookies finden Sie in den Einstellungen des Webbrowsers des Benutzers.<\/li>\n\n\n\n<li>Die Einschr\u00e4nkung der Verwendung von Cookies kann einige auf der Website verf\u00fcgbare Funktionen beeintr\u00e4chtigen.<\/li>\n<\/ol>\n\n\n\n<h4 class=\"wp-block-heading\">9. Automatisierte Verarbeitung personenbezogener Daten<\/h4>\n\n\n\n<ol start=\"9\" class=\"wp-block-list\"><\/ol>\n\n\n\n<p>Die im Rahmen der Nutzung unserer Dienste erhobenen Daten k\u00f6nnen automatisiert verarbeitet werden (einschlie\u00dflich Profiling). Dies hat keine rechtlichen Folgen f\u00fcr die betroffene Person und beeintr\u00e4chtigt ihre Situation auch nicht anderweitig. Wir legen besonderen Wert auf die Frage des m\u00f6glichen Profilings und weisen darauf hin:<\/p>\n\n\n\n<p>Wir verarbeiten keine sensiblen Daten zum Zwecke des m\u00f6glichen Profilings.<\/p>\n\n\n\n<p>F\u00fcr das Zwecke des m\u00f6glichen Profilings verwenden wir typische Daten:<\/p>\n\n\n\n<p>E-Mail-Adresse, IP-Adresse oder Cookies.<\/p>\n\n\n\n<p>Profiling kann darauf abzielen, die Pr\u00e4ferenzen oder Interessen der Nutzer unserer Dienste und\/oder Websites zu analysieren und die Inhalte unserer Dienste an individuelle Pr\u00e4ferenzen anzupassen.<br>Profiling kann zu Marketingzwecken durchgef\u00fchrt werden, um<\/p>\n\n\n\n<p>Marketingangebote an die Pr\u00e4ferenzen anzupassen.<\/p>\n\n\n\n<h4 class=\"wp-block-heading\">10. \u00c4nderungen der Datenschutzerkl\u00e4rung<\/h4>\n\n\n\n<ol start=\"10\" class=\"wp-block-list\"><\/ol>\n\n\n\n<p>Wir behalten uns das Recht vor, unsere Datenschutzerkl\u00e4rung zu \u00e4ndern, wenn sich gesetzliche Bestimmungen, Richtlinien der f\u00fcr die \u00dcberwachung des Datenschutzes zust\u00e4ndigen Beh\u00f6rden oder die zur Verarbeitung personenbezogener Daten verwendete Technologie \u00e4ndern, sowie wenn sich die Methoden, Zwecke oder Rechtsgrundlagen der Verarbeitung personenbezogener Daten \u00e4ndern. Bei wesentlichen \u00c4nderungen benachrichtigen wir Sie gegebenenfalls gesondert.<\/p>\n\n\n\n<h4 class=\"wp-block-heading\">11. Fragen oder Bedenken<\/h4>\n\n\n\n<ol start=\"11\" class=\"wp-block-list\"><\/ol>\n\n\n\n<p>Bei Fragen oder Bedenken bez\u00fcglich unserer Verarbeitung Ihrer personenbezogenen Daten kontaktieren Sie uns bitte per E-Mail unter: <a href=\"mailto:odo@mag-graf-projekt.pl\">odo@mag-graf-projekt.pl<\/a><\/p>\n","protected":false},"excerpt":{"rendered":"<p>Mag Graf Projekt respektiert Ihr Recht auf Privatsph\u00e4re und wendet bew\u00e4hrte Verfahren gem\u00e4\u00df den geltenden Datenschutzgesetzen und -vorschriften an, einschlie\u00dflich der Verordnung (EU) 2016\/679 des Europ\u00e4ischen Parlaments und des Rates vom 27. April 2016 zum Schutz nat\u00fcrlicher Personen bei der Verarbeitung personenbezogener Daten, zum freien Datenverkehr und zur Aufhebung der Richtlinie 95\/46\/EG (Datenschutz-Grundverordnung) (\u201eDSGVO\u201c). Diese [&hellip;]<\/p>\n","protected":false},"author":1,"featured_media":0,"parent":0,"menu_order":100,"comment_status":"closed","ping_status":"closed","template":"page-templates\/simple.php","meta":{"_acf_changed":false,"footnotes":""},"class_list":["post-429","page","type-page","status-publish","hentry","entry"],"acf":[],"_links":{"self":[{"href":"https:\/\/dev.merlo.studio\/mg-live\/wp-json\/wp\/v2\/pages\/429","targetHints":{"allow":["GET"]}}],"collection":[{"href":"https:\/\/dev.merlo.studio\/mg-live\/wp-json\/wp\/v2\/pages"}],"about":[{"href":"https:\/\/dev.merlo.studio\/mg-live\/wp-json\/wp\/v2\/types\/page"}],"author":[{"embeddable":true,"href":"https:\/\/dev.merlo.studio\/mg-live\/wp-json\/wp\/v2\/users\/1"}],"replies":[{"embeddable":true,"href":"https:\/\/dev.merlo.studio\/mg-live\/wp-json\/wp\/v2\/comments?post=429"}],"version-history":[{"count":3,"href":"https:\/\/dev.merlo.studio\/mg-live\/wp-json\/wp\/v2\/pages\/429\/revisions"}],"predecessor-version":[{"id":581,"href":"https:\/\/dev.merlo.studio\/mg-live\/wp-json\/wp\/v2\/pages\/429\/revisions\/581"}],"wp:attachment":[{"href":"https:\/\/dev.merlo.studio\/mg-live\/wp-json\/wp\/v2\/media?parent=429"}],"curies":[{"name":"wp","href":"https:\/\/api.w.org\/{rel}","templated":true}]}}