{"id":431,"date":"2025-08-19T16:05:33","date_gmt":"2025-08-19T14:05:33","guid":{"rendered":"https:\/\/dev.merlo.studio\/mg-live\/?page_id=431"},"modified":"2025-08-20T17:57:03","modified_gmt":"2025-08-20T15:57:03","slug":"informationsklausel","status":"publish","type":"page","link":"https:\/\/dev.merlo.studio\/mg-live\/de\/informationsklausel\/","title":{"rendered":"Informationsklausel"},"content":{"rendered":"\n<p><strong>Informationsklausel zur Video\u00fcberwachung<br>Mag-Graf-Projekt Robert Sommerfeld<br>ul. Pozna\u0144ska 57, Mrowino<br>62-090 Rokietnica<\/strong><\/p>\n\n\n\n<p>Gem\u00e4\u00df der Verordnung (EU) 2016\/679 des Europ\u00e4ischen Parlaments und des Rates vom 27. April 2016 zum Schutz nat\u00fcrlicher Personen bei der Verarbeitung personenbezogener Daten, zum freien Datenverkehr und zur Aufhebung der Richtlinie 95\/46\/EG (nachfolgend DSGVO genannt) informieren wir Sie hiermit \u00fcber Folgendes:<\/p>\n\n\n\n<ol class=\"wp-block-list\">\n<li>Verantwortlicher f\u00fcr Ihre personenbezogenen Daten ist: Robert Sommerfeld, t\u00e4tig unter dem Namen Mag-Graf Projekt Robert Sommerfeld, ul. Pozna\u0144ska 57, Mrowino 62-090 Rokietnica.<\/li>\n\n\n\n<li>Die mithilfe des Video\u00fcberwachungssystems erfassten personenbezogenen Daten dienen dazu, verwerfliches und sonstiges unerw\u00fcnschtes Verhalten, das die Sicherheit von Geb\u00e4udenutzern, Mitarbeitern, Partnern, Lieferanten und Kunden gef\u00e4hrdet, einzuschr\u00e4nken, Verhalten, das Firmeneigentum gef\u00e4hrdet, T\u00e4ter verwerflicher Handlungen zu identifizieren, die Untersuchung von Konflikten im \u00fcberwachten Bereich zu unterst\u00fctzen und den Zugang zum Firmengel\u00e4nde f\u00fcr unbefugte und unerw\u00fcnschte Personen zu beschr\u00e4nken. Rechtsgrundlage f\u00fcr die Verarbeitung personenbezogener Daten ist das berechtigte Interesse des Verantwortlichen.<\/li>\n\n\n\n<li>Personenbezogene (Bild-)Daten werden nicht an Dritte weitergegeben; sie k\u00f6nnen jedoch Beh\u00f6rden zur Verf\u00fcgung gestellt werden, die aufgrund besonderer gesetzlicher Bestimmungen zur Verarbeitung dieser Daten befugt sind, wie z. B. Polizei, Staatsanwaltschaft und Gerichten. Stellen, die f\u00fcr den Betrieb und die Wartung des Video\u00fcberwachungssystems verantwortlich sind, k\u00f6nnen ebenfalls auf die Aufzeichnungen der Video\u00fcberwachung zugreifen. Personenbezogene Daten werden vorbehaltlich Punkt 5 unten f\u00fcr einen Zeitraum von 10 Tagen gespeichert.<\/li>\n\n\n\n<li>Darstellen Video\u00fcberwachungsaufnahmen Beweismittel in einem Gerichtsverfahren oder wird dem Verantwortlichen bekannt, dass sie Beweismittel in dem Verfahren darstellen k\u00f6nnten, verl\u00e4ngert sich die in Punkt 4 genannte Frist bis zum endg\u00fcltigen Abschluss des Verfahrens.<\/li>\n\n\n\n<li>Sie haben das Recht, vom Verantwortlichen Zugang zu Ihren personenbezogenen Daten, deren L\u00f6schung oder Einschr\u00e4nkung der Verarbeitung zu verlangen.<\/li>\n\n\n\n<li>Wenn Sie der Ansicht sind, dass die Verarbeitung Ihrer personenbezogenen Daten gegen die Bestimmungen der DSGVO verst\u00f6\u00dft, haben Sie das Recht, bei der Aufsichtsbeh\u00f6rde \u2013 dem Pr\u00e4sidenten des Amtes f\u00fcr den Schutz personenbezogener Daten \u2013 Beschwerde einzulegen.<\/li>\n\n\n\n<li>Ihre personenbezogenen Daten werden automatisch verarbeitet (Videoaufzeichnungen mit Kameras).<\/li>\n\n\n\n<li>Ihre personenbezogenen Daten werden nicht profiliert.<\/li>\n<\/ol>\n","protected":false},"excerpt":{"rendered":"<p>Informationsklausel zur Video\u00fcberwachungMag-Graf-Projekt Robert Sommerfeldul. Pozna\u0144ska 57, Mrowino62-090 Rokietnica Gem\u00e4\u00df der Verordnung (EU) 2016\/679 des Europ\u00e4ischen Parlaments und des Rates vom 27. April 2016 zum Schutz nat\u00fcrlicher Personen bei der Verarbeitung personenbezogener Daten, zum freien Datenverkehr und zur Aufhebung der Richtlinie 95\/46\/EG (nachfolgend DSGVO genannt) informieren wir Sie hiermit \u00fcber Folgendes:<\/p>\n","protected":false},"author":1,"featured_media":0,"parent":0,"menu_order":100,"comment_status":"closed","ping_status":"closed","template":"page-templates\/simple.php","meta":{"_acf_changed":false,"footnotes":""},"class_list":["post-431","page","type-page","status-publish","hentry","entry"],"acf":[],"_links":{"self":[{"href":"https:\/\/dev.merlo.studio\/mg-live\/wp-json\/wp\/v2\/pages\/431","targetHints":{"allow":["GET"]}}],"collection":[{"href":"https:\/\/dev.merlo.studio\/mg-live\/wp-json\/wp\/v2\/pages"}],"about":[{"href":"https:\/\/dev.merlo.studio\/mg-live\/wp-json\/wp\/v2\/types\/page"}],"author":[{"embeddable":true,"href":"https:\/\/dev.merlo.studio\/mg-live\/wp-json\/wp\/v2\/users\/1"}],"replies":[{"embeddable":true,"href":"https:\/\/dev.merlo.studio\/mg-live\/wp-json\/wp\/v2\/comments?post=431"}],"version-history":[{"count":2,"href":"https:\/\/dev.merlo.studio\/mg-live\/wp-json\/wp\/v2\/pages\/431\/revisions"}],"predecessor-version":[{"id":587,"href":"https:\/\/dev.merlo.studio\/mg-live\/wp-json\/wp\/v2\/pages\/431\/revisions\/587"}],"wp:attachment":[{"href":"https:\/\/dev.merlo.studio\/mg-live\/wp-json\/wp\/v2\/media?parent=431"}],"curies":[{"name":"wp","href":"https:\/\/api.w.org\/{rel}","templated":true}]}}